{"id":1686,"date":"2021-08-03T14:33:42","date_gmt":"2021-08-03T14:33:42","guid":{"rendered":"https:\/\/residenciaverdi.com\/lequip\/"},"modified":"2021-09-30T09:18:22","modified_gmt":"2021-09-30T09:18:22","slug":"lequip","status":"publish","type":"page","link":"https:\/\/residenciaverdi.com\/ca\/lequip\/","title":{"rendered":"L&#8217;equip"},"content":{"rendered":"<div class=\"wpb-content-wrapper\"><p>[vc_row full_width=&#8221;stretch_row_content_no_spaces&#8221; content_placement=&#8221;middle&#8221; scheme=&#8221;dark&#8221; hide_bg_image_on_tablet=&#8221;&#8221; hide_bg_image_on_mobile=&#8221;&#8221; row_delimiter=&#8221;&#8221; hide_on_desktop=&#8221;&#8221; hide_on_notebook=&#8221;&#8221; hide_on_tablet=&#8221;&#8221; hide_on_mobile=&#8221;&#8221; hide_on_frontpage=&#8221;&#8221; css=&#8221;.vc_custom_1631185617639{margin-bottom: 50px !important;padding-top: 100px !important;padding-bottom: 100px !important;background-image: url(https:\/\/residenciaverdi.com\/wp-content\/uploads\/equipo.jpg?id=1874) !important;background-position: center !important;}&#8221;][vc_column icons_position=&#8221;left&#8221;]<div id=\"sc_title_1389139435\"\r\n\t\tclass=\"sc_title color_style_link3 sc_title_default  vc_custom_1626439940401\"><h1 class=\"sc_item_title sc_title_title sc_align_center sc_item_title_style_default sc_item_title_tag\">L' equip<\/h1><\/div><!-- \/.sc_title -->[\/vc_column][\/vc_row][vc_row gap=&#8221;35&#8243; equal_height=&#8221;yes&#8221; content_placement=&#8221;middle&#8221; hide_bg_image_on_tablet=&#8221;&#8221; hide_bg_image_on_mobile=&#8221;&#8221; css=&#8221;.vc_custom_1626343168705{background-color: #f3f2f0 !important;}&#8221;][vc_column width=&#8221;1\/2&#8243; icons_position=&#8221;left&#8221;][vc_single_image image=&#8221;1884&#8243; img_size=&#8221;large&#8221; alignment=&#8221;center&#8221; css=&#8221;.vc_custom_1627051518825{margin-right: 20px !important;margin-left: 20px !important;}&#8221;][\/vc_column][vc_column width=&#8221;1\/2&#8243; icons_position=&#8221;left&#8221;]<div id=\"sc_title_1011154746\"\r\n\t\tclass=\"sc_title color_style_default sc_title_default  vc_custom_1628669942188\"><h4 class=\"sc_item_title sc_title_title sc_align_left sc_item_title_style_default sc_item_title_tag\">Experi\u00e8ncia i professionalitat<\/h4><div class=\"sc_item_descr sc_title_descr sc_align_left\"><p>Fa m\u00e9s de 18 anys que l'equip de la Resid\u00e8ncia geri\u00e0trica Verdi \u00e9s fidel a <span style = \"color: # d57c1b\"> optimitzar la qualitat de vida de la gent gran <\/ span>.<\/p>\n<p>Amb la<strong> cura dels detalls <\/ strong> i la <strong> vocaci\u00f3 professional <\/ strong> del nostre personal, aconseguim un <strong> entorn acollidor, familiar i adequat <\/ strong> a les necessitats de les persones residents i els seus familiars.<\/p>\n<\/div><\/div><!-- \/.sc_title -->[vc_empty_space height=&#8221;25px&#8221; alter_height=&#8221;none&#8221; hide_on_desktop=&#8221;&#8221; hide_on_notebook=&#8221;&#8221; hide_on_tablet=&#8221;&#8221; hide_on_mobile=&#8221;&#8221;][\/vc_column][\/vc_row][vc_row css=&#8221;.vc_custom_1626440516831{background-color: #f3f2f0 !important;}&#8221;][vc_column icons_position=&#8221;left&#8221;][vc_empty_space alter_height=&#8221;none&#8221; hide_on_desktop=&#8221;&#8221; hide_on_notebook=&#8221;&#8221; hide_on_tablet=&#8221;&#8221; hide_on_mobile=&#8221;&#8221;][\/vc_column][\/vc_row][vc_row full_width=&#8221;stretch_row&#8221; content_placement=&#8221;middle&#8221; css=&#8221;.vc_custom_1626440794994{background-color: #ffffff !important;}&#8221;][vc_column width=&#8221;1\/4&#8243; fix_column=&#8221;&#8221; hide_bg_image_on_tablet=&#8221;&#8221; hide_bg_image_on_mobile=&#8221;&#8221; column_align=&#8221;center&#8221; icons_position=&#8221;left&#8221;][\/vc_column][vc_column width=&#8221;1\/2&#8243; icons_position=&#8221;left&#8221;][vc_empty_space height=&#8221;80px&#8221; alter_height=&#8221;none&#8221; hide_on_desktop=&#8221;&#8221; hide_on_notebook=&#8221;&#8221; hide_on_tablet=&#8221;&#8221; hide_on_mobile=&#8221;&#8221;]<div id=\"sc_title_1574813084\"\r\n\t\tclass=\"sc_title color_style_default sc_title_default\"><h4 class=\"sc_item_title sc_title_title sc_align_center sc_item_title_style_default sc_item_title_tag\">El nostre equip<\/h4><\/div><!-- \/.sc_title -->[vc_empty_space height=&#8221;40px&#8221; alter_height=&#8221;none&#8221; hide_on_desktop=&#8221;&#8221; hide_on_notebook=&#8221;&#8221; hide_on_tablet=&#8221;&#8221; hide_on_mobile=&#8221;&#8221;][\/vc_column][vc_column width=&#8221;1\/4&#8243; icons_position=&#8221;left&#8221;][\/vc_column][\/vc_row][vc_row full_width=&#8221;stretch_row&#8221; hide_bg_image_on_tablet=&#8221;&#8221; hide_bg_image_on_mobile=&#8221;&#8221; css=&#8221;.vc_custom_1626440842030{padding-bottom: 50px !important;background-color: #ffffff !important;}&#8221;][vc_column width=&#8221;1\/3&#8243; icons_position=&#8221;left&#8221;][vc_icon icon_fontawesome=&#8221;fas fa-user-md&#8221; color=&#8221;black&#8221; background_style=&#8221;rounded&#8221; background_color=&#8221;custom&#8221; align=&#8221;center&#8221; custom_background_color=&#8221;#c8e2ed&#8221;][vc_column_text]<\/p>\n<p style=\"text-align: center;\"><strong>Metge diari<\/strong><\/p>\n<p>[\/vc_column_text][vc_empty_space alter_height=&#8221;none&#8221; hide_on_desktop=&#8221;&#8221; hide_on_notebook=&#8221;&#8221; hide_on_tablet=&#8221;&#8221; hide_on_mobile=&#8221;&#8221;][\/vc_column][vc_column width=&#8221;1\/3&#8243; icons_position=&#8221;left&#8221;][vc_icon icon_fontawesome=&#8221;fas fa-user-tie&#8221; color=&#8221;black&#8221; background_style=&#8221;rounded&#8221; background_color=&#8221;custom&#8221; align=&#8221;center&#8221; custom_background_color=&#8221;#c8e2ed&#8221;][vc_column_text]<\/p>\n<p style=\"text-align: center;\"><strong>Direcci\u00f3 t\u00e8cnica<\/strong><\/p>\n<p>[\/vc_column_text][vc_empty_space alter_height=&#8221;none&#8221; hide_on_desktop=&#8221;&#8221; hide_on_notebook=&#8221;&#8221; hide_on_tablet=&#8221;&#8221; hide_on_mobile=&#8221;&#8221;][\/vc_column][vc_column width=&#8221;1\/3&#8243; icons_position=&#8221;left&#8221;][vc_icon type=&#8221;material&#8221; icon_material=&#8221;vc-material vc-material-accessibility&#8221; color=&#8221;black&#8221; background_style=&#8221;rounded&#8221; background_color=&#8221;custom&#8221; align=&#8221;center&#8221; custom_background_color=&#8221;#c8e2ed&#8221;][vc_column_text]<\/p>\n<p style=\"text-align: center;\"><strong>Assistent social<\/strong><\/p>\n<p>[\/vc_column_text][vc_empty_space alter_height=&#8221;none&#8221; hide_on_desktop=&#8221;&#8221; hide_on_notebook=&#8221;&#8221; hide_on_tablet=&#8221;&#8221; hide_on_mobile=&#8221;&#8221;][\/vc_column][\/vc_row][vc_row full_width=&#8221;stretch_row&#8221; hide_bg_image_on_tablet=&#8221;&#8221; hide_bg_image_on_mobile=&#8221;&#8221; css=&#8221;.vc_custom_1626440842030{padding-bottom: 50px !important;background-color: #ffffff !important;}&#8221;][vc_column width=&#8221;1\/3&#8243; icons_position=&#8221;left&#8221;][vc_icon icon_fontawesome=&#8221;fas fa-spa&#8221; color=&#8221;black&#8221; background_style=&#8221;rounded&#8221; background_color=&#8221;custom&#8221; align=&#8221;center&#8221; custom_background_color=&#8221;#c8e2ed&#8221;][vc_column_text]<\/p>\n<p style=\"text-align: center;\"><strong>Fisioterapeuta<\/strong><\/p>\n<p>[\/vc_column_text][vc_empty_space alter_height=&#8221;none&#8221; hide_on_desktop=&#8221;&#8221; hide_on_notebook=&#8221;&#8221; hide_on_tablet=&#8221;&#8221; hide_on_mobile=&#8221;&#8221;][\/vc_column][vc_column width=&#8221;1\/3&#8243; icons_position=&#8221;left&#8221;][vc_icon icon_fontawesome=&#8221;icon-child&#8221; color=&#8221;black&#8221; background_style=&#8221;rounded&#8221; background_color=&#8221;custom&#8221; align=&#8221;center&#8221; custom_background_color=&#8221;#c8e2ed&#8221;][vc_column_text]<\/p>\n<p style=\"text-align: center;\"><strong>Animadora \/ psic\u00f2loga<\/strong><\/p>\n<p>[\/vc_column_text][vc_empty_space alter_height=&#8221;none&#8221; hide_on_desktop=&#8221;&#8221; hide_on_notebook=&#8221;&#8221; hide_on_tablet=&#8221;&#8221; hide_on_mobile=&#8221;&#8221;][\/vc_column][vc_column width=&#8221;1\/3&#8243; icons_position=&#8221;left&#8221;][vc_icon icon_fontawesome=&#8221;fas fa-utensils&#8221; color=&#8221;black&#8221; background_style=&#8221;rounded&#8221; background_color=&#8221;custom&#8221; align=&#8221;center&#8221; custom_background_color=&#8221;#c8e2ed&#8221;][vc_column_text]<\/p>\n<p style=\"text-align: center;\"><strong>Cuiner\/a<\/strong><\/p>\n<p>[\/vc_column_text][vc_empty_space alter_height=&#8221;none&#8221; hide_on_desktop=&#8221;&#8221; hide_on_notebook=&#8221;&#8221; hide_on_tablet=&#8221;&#8221; hide_on_mobile=&#8221;&#8221;][\/vc_column][\/vc_row][vc_row full_width=&#8221;stretch_row&#8221; hide_bg_image_on_tablet=&#8221;&#8221; hide_bg_image_on_mobile=&#8221;&#8221; row_delimiter=&#8221;&#8221; hide_on_desktop=&#8221;&#8221; hide_on_notebook=&#8221;&#8221; hide_on_tablet=&#8221;&#8221; hide_on_mobile=&#8221;&#8221; hide_on_frontpage=&#8221;&#8221; css=&#8221;.vc_custom_1626442310312{background-color: #ffffff !important;}&#8221;][vc_column width=&#8221;1\/4&#8243; icons_position=&#8221;left&#8221;][\/vc_column][vc_column width=&#8221;1\/2&#8243; icons_position=&#8221;left&#8221;][vc_column_text css=&#8221;.vc_custom_1632993496951{padding-top: 35px !important;padding-right: 20px !important;padding-bottom: 35px !important;padding-left: 20px !important;background-color: #c8e2ed !important;border-radius: 10px !important;}&#8221;]<\/p>\n<p style=\"text-align: center;\"><strong>\u00bfVols formar part de l&#8217;equip de Resid\u00e8ncia Geri\u00e0trica Verdi?<\/strong><\/p>\n<p style=\"text-align: center; color: #89807c !important; font-weight: 500;\">Si vols treballar amb nosaltres, env\u00eda&#8217;ns el teu curr\u00edculum a<br \/>\n<a href=\"mailto:rrhh@residenciaverdi.com\" target=\"_blank\" rel=\"noopener\">rrhh@residenciaverdi.com<\/a> i ens posarem en contacte amb tu<br \/>\nquan considerem que una vacant s&#8217;ajusta al teu perfil.<\/p>\n<p>[\/vc_column_text][\/vc_column][vc_column width=&#8221;1\/4&#8243; icons_position=&#8221;left&#8221;][\/vc_column][\/vc_row][vc_row full_width=&#8221;stretch_row_content_no_spaces&#8221;][vc_column icons_position=&#8221;left&#8221;][vc_empty_space height=&#8221;50px&#8221; alter_height=&#8221;none&#8221; hide_on_desktop=&#8221;&#8221; hide_on_notebook=&#8221;&#8221; hide_on_tablet=&#8221;&#8221; hide_on_mobile=&#8221;&#8221; css=&#8221;.vc_custom_1626442636460{background-color: #ffffff !important;}&#8221;][\/vc_column][\/vc_row]<\/p>\n<\/div>","protected":false},"excerpt":{"rendered":"<p>[vc_row full_width=&#8221;stretch_row_content_no_spaces&#8221; content_placement=&#8221;middle&#8221; scheme=&#8221;dark&#8221; hide_bg_image_on_tablet=&#8221;&#8221; hide_bg_image_on_mobile=&#8221;&#8221; row_delimiter=&#8221;&#8221; hide_on_desktop=&#8221;&#8221; hide_on_notebook=&#8221;&#8221; hide_on_tablet=&#8221;&#8221; hide_on_mobile=&#8221;&#8221; hide_on_frontpage=&#8221;&#8221; css=&#8221;.vc_custom_1631185617639{margin-bottom: 50px !important;padding-top: 100px !important;padding-bottom: 100px !important;background-image: url(https:\/\/residenciaverdi.com\/wp-content\/uploads\/equipo.jpg?id=1874) !important;background-position: center !important;}&#8221;][vc_column icons_position=&#8221;left&#8221;][\/vc_column][\/vc_row][vc_row gap=&#8221;35&#8243; equal_height=&#8221;yes&#8221; content_placement=&#8221;middle&#8221; hide_bg_image_on_tablet=&#8221;&#8221; hide_bg_image_on_mobile=&#8221;&#8221; css=&#8221;.vc_custom_1626343168705{background-color: #f3f2f0 !important;}&#8221;][vc_column width=&#8221;1\/2&#8243; icons_position=&#8221;left&#8221;][vc_single_image image=&#8221;1884&#8243; img_size=&#8221;large&#8221; alignment=&#8221;center&#8221; css=&#8221;.vc_custom_1627051518825{margin-right: 20px !important;margin-left:&hellip;<\/p>\n","protected":false},"author":1,"featured_media":0,"parent":0,"menu_order":0,"comment_status":"closed","ping_status":"closed","template":"","meta":{"_monsterinsights_skip_tracking":false,"_monsterinsights_sitenote_active":false,"_monsterinsights_sitenote_note":"","_monsterinsights_sitenote_category":0,"footnotes":""},"class_list":["post-1686","page","type-page","status-publish","hentry"],"yoast_head":"<!-- This site is optimized with the Yoast SEO plugin v27.5 - https:\/\/yoast.com\/product\/yoast-seo-wordpress\/ -->\n<title>L&#039;equip - Residencia Geri\u00e1trica Verdi<\/title>\n<meta name=\"description\" content=\"Amb la cura dels detalls i la vocaci\u00f3 professional del nostre personal, aconseguim un entorn familiar i adequat a les seves necessitats.\" \/>\n<meta name=\"robots\" content=\"index, follow, max-snippet:-1, max-image-preview:large, max-video-preview:-1\" \/>\n<link rel=\"canonical\" href=\"https:\/\/residenciaverdi.com\/ca\/lequip\/\" \/>\n<meta property=\"og:locale\" content=\"ca_ES\" \/>\n<meta property=\"og:type\" content=\"article\" \/>\n<meta property=\"og:title\" content=\"L&#039;equip - Residencia Geri\u00e1trica Verdi\" \/>\n<meta property=\"og:description\" content=\"Amb la cura dels detalls i la vocaci\u00f3 professional del nostre personal, aconseguim un entorn familiar i adequat a les seves necessitats.\" \/>\n<meta property=\"og:url\" content=\"https:\/\/residenciaverdi.com\/ca\/lequip\/\" \/>\n<meta property=\"og:site_name\" content=\"Residencia Geri\u00e1trica Verdi\" \/>\n<meta property=\"article:modified_time\" content=\"2021-09-30T09:18:22+00:00\" \/>\n<meta name=\"twitter:card\" content=\"summary_large_image\" \/>\n<script type=\"application\/ld+json\" class=\"yoast-schema-graph\">{\"@context\":\"https:\\\/\\\/schema.org\",\"@graph\":[{\"@type\":\"WebPage\",\"@id\":\"https:\\\/\\\/residenciaverdi.com\\\/ca\\\/lequip\\\/\",\"url\":\"https:\\\/\\\/residenciaverdi.com\\\/ca\\\/lequip\\\/\",\"name\":\"L'equip - Residencia Geri\u00e1trica Verdi\",\"isPartOf\":{\"@id\":\"https:\\\/\\\/tan-boar-952704.hostingersite.com\\\/#website\"},\"datePublished\":\"2021-08-03T14:33:42+00:00\",\"dateModified\":\"2021-09-30T09:18:22+00:00\",\"description\":\"Amb la cura dels detalls i la vocaci\u00f3 professional del nostre personal, aconseguim un entorn familiar i adequat a les seves necessitats.\",\"breadcrumb\":{\"@id\":\"https:\\\/\\\/residenciaverdi.com\\\/ca\\\/lequip\\\/#breadcrumb\"},\"inLanguage\":\"ca\",\"potentialAction\":[{\"@type\":\"ReadAction\",\"target\":[\"https:\\\/\\\/residenciaverdi.com\\\/ca\\\/lequip\\\/\"]}]},{\"@type\":\"BreadcrumbList\",\"@id\":\"https:\\\/\\\/residenciaverdi.com\\\/ca\\\/lequip\\\/#breadcrumb\",\"itemListElement\":[{\"@type\":\"ListItem\",\"position\":1,\"name\":\"Portada\",\"item\":\"https:\\\/\\\/residenciaverdi.com\\\/ca\\\/\"},{\"@type\":\"ListItem\",\"position\":2,\"name\":\"L&#8217;equip\"}]},{\"@type\":\"WebSite\",\"@id\":\"https:\\\/\\\/tan-boar-952704.hostingersite.com\\\/#website\",\"url\":\"https:\\\/\\\/tan-boar-952704.hostingersite.com\\\/\",\"name\":\"Residencia Geri\u00e1trica Verdi\",\"description\":\"Cuidamos de nuestros mayores\",\"publisher\":{\"@id\":\"https:\\\/\\\/tan-boar-952704.hostingersite.com\\\/#organization\"},\"potentialAction\":[{\"@type\":\"SearchAction\",\"target\":{\"@type\":\"EntryPoint\",\"urlTemplate\":\"https:\\\/\\\/tan-boar-952704.hostingersite.com\\\/?s={search_term_string}\"},\"query-input\":{\"@type\":\"PropertyValueSpecification\",\"valueRequired\":true,\"valueName\":\"search_term_string\"}}],\"inLanguage\":\"ca\"},{\"@type\":\"Organization\",\"@id\":\"https:\\\/\\\/tan-boar-952704.hostingersite.com\\\/#organization\",\"name\":\"Residencia geri\u00e1trica Verdi\",\"url\":\"https:\\\/\\\/tan-boar-952704.hostingersite.com\\\/\",\"logo\":{\"@type\":\"ImageObject\",\"inLanguage\":\"ca\",\"@id\":\"https:\\\/\\\/tan-boar-952704.hostingersite.com\\\/#\\\/schema\\\/logo\\\/image\\\/\",\"url\":\"https:\\\/\\\/residenciaverdi.com\\\/wp-content\\\/uploads\\\/logo-residencia-geriatrica-verdi-retina.jpg\",\"contentUrl\":\"https:\\\/\\\/residenciaverdi.com\\\/wp-content\\\/uploads\\\/logo-residencia-geriatrica-verdi-retina.jpg\",\"width\":406,\"height\":164,\"caption\":\"Residencia geri\u00e1trica Verdi\"},\"image\":{\"@id\":\"https:\\\/\\\/tan-boar-952704.hostingersite.com\\\/#\\\/schema\\\/logo\\\/image\\\/\"}}]}<\/script>\n<!-- \/ Yoast SEO plugin. -->","yoast_head_json":{"title":"L'equip - Residencia Geri\u00e1trica Verdi","description":"Amb la cura dels detalls i la vocaci\u00f3 professional del nostre personal, aconseguim un entorn familiar i adequat a les seves necessitats.","robots":{"index":"index","follow":"follow","max-snippet":"max-snippet:-1","max-image-preview":"max-image-preview:large","max-video-preview":"max-video-preview:-1"},"canonical":"https:\/\/residenciaverdi.com\/ca\/lequip\/","og_locale":"ca_ES","og_type":"article","og_title":"L'equip - Residencia Geri\u00e1trica Verdi","og_description":"Amb la cura dels detalls i la vocaci\u00f3 professional del nostre personal, aconseguim un entorn familiar i adequat a les seves necessitats.","og_url":"https:\/\/residenciaverdi.com\/ca\/lequip\/","og_site_name":"Residencia Geri\u00e1trica Verdi","article_modified_time":"2021-09-30T09:18:22+00:00","twitter_card":"summary_large_image","schema":{"@context":"https:\/\/schema.org","@graph":[{"@type":"WebPage","@id":"https:\/\/residenciaverdi.com\/ca\/lequip\/","url":"https:\/\/residenciaverdi.com\/ca\/lequip\/","name":"L'equip - Residencia Geri\u00e1trica Verdi","isPartOf":{"@id":"https:\/\/tan-boar-952704.hostingersite.com\/#website"},"datePublished":"2021-08-03T14:33:42+00:00","dateModified":"2021-09-30T09:18:22+00:00","description":"Amb la cura dels detalls i la vocaci\u00f3 professional del nostre personal, aconseguim un entorn familiar i adequat a les seves necessitats.","breadcrumb":{"@id":"https:\/\/residenciaverdi.com\/ca\/lequip\/#breadcrumb"},"inLanguage":"ca","potentialAction":[{"@type":"ReadAction","target":["https:\/\/residenciaverdi.com\/ca\/lequip\/"]}]},{"@type":"BreadcrumbList","@id":"https:\/\/residenciaverdi.com\/ca\/lequip\/#breadcrumb","itemListElement":[{"@type":"ListItem","position":1,"name":"Portada","item":"https:\/\/residenciaverdi.com\/ca\/"},{"@type":"ListItem","position":2,"name":"L&#8217;equip"}]},{"@type":"WebSite","@id":"https:\/\/tan-boar-952704.hostingersite.com\/#website","url":"https:\/\/tan-boar-952704.hostingersite.com\/","name":"Residencia Geri\u00e1trica Verdi","description":"Cuidamos de nuestros mayores","publisher":{"@id":"https:\/\/tan-boar-952704.hostingersite.com\/#organization"},"potentialAction":[{"@type":"SearchAction","target":{"@type":"EntryPoint","urlTemplate":"https:\/\/tan-boar-952704.hostingersite.com\/?s={search_term_string}"},"query-input":{"@type":"PropertyValueSpecification","valueRequired":true,"valueName":"search_term_string"}}],"inLanguage":"ca"},{"@type":"Organization","@id":"https:\/\/tan-boar-952704.hostingersite.com\/#organization","name":"Residencia geri\u00e1trica Verdi","url":"https:\/\/tan-boar-952704.hostingersite.com\/","logo":{"@type":"ImageObject","inLanguage":"ca","@id":"https:\/\/tan-boar-952704.hostingersite.com\/#\/schema\/logo\/image\/","url":"https:\/\/residenciaverdi.com\/wp-content\/uploads\/logo-residencia-geriatrica-verdi-retina.jpg","contentUrl":"https:\/\/residenciaverdi.com\/wp-content\/uploads\/logo-residencia-geriatrica-verdi-retina.jpg","width":406,"height":164,"caption":"Residencia geri\u00e1trica Verdi"},"image":{"@id":"https:\/\/tan-boar-952704.hostingersite.com\/#\/schema\/logo\/image\/"}}]}},"_links":{"self":[{"href":"https:\/\/residenciaverdi.com\/ca\/wp-json\/wp\/v2\/pages\/1686","targetHints":{"allow":["GET"]}}],"collection":[{"href":"https:\/\/residenciaverdi.com\/ca\/wp-json\/wp\/v2\/pages"}],"about":[{"href":"https:\/\/residenciaverdi.com\/ca\/wp-json\/wp\/v2\/types\/page"}],"author":[{"embeddable":true,"href":"https:\/\/residenciaverdi.com\/ca\/wp-json\/wp\/v2\/users\/1"}],"replies":[{"embeddable":true,"href":"https:\/\/residenciaverdi.com\/ca\/wp-json\/wp\/v2\/comments?post=1686"}],"version-history":[{"count":14,"href":"https:\/\/residenciaverdi.com\/ca\/wp-json\/wp\/v2\/pages\/1686\/revisions"}],"predecessor-version":[{"id":1897,"href":"https:\/\/residenciaverdi.com\/ca\/wp-json\/wp\/v2\/pages\/1686\/revisions\/1897"}],"wp:attachment":[{"href":"https:\/\/residenciaverdi.com\/ca\/wp-json\/wp\/v2\/media?parent=1686"}],"curies":[{"name":"wp","href":"https:\/\/api.w.org\/{rel}","templated":true}]}}