{"id":1692,"date":"2021-08-03T15:04:01","date_gmt":"2021-08-03T15:04:01","guid":{"rendered":"https:\/\/residenciaverdi.com\/installacions\/"},"modified":"2021-09-15T11:28:35","modified_gmt":"2021-09-15T11:28:35","slug":"instalacions","status":"publish","type":"page","link":"https:\/\/residenciaverdi.com\/ca\/instalacions\/","title":{"rendered":"Instal\u00b7lacions"},"content":{"rendered":"<div class=\"wpb-content-wrapper\"><p>[vc_row full_width=&#8221;stretch_row_content_no_spaces&#8221; content_placement=&#8221;middle&#8221; scheme=&#8221;dark&#8221; hide_bg_image_on_tablet=&#8221;&#8221; hide_bg_image_on_mobile=&#8221;&#8221; row_delimiter=&#8221;&#8221; hide_on_desktop=&#8221;&#8221; hide_on_notebook=&#8221;&#8221; hide_on_tablet=&#8221;&#8221; hide_on_mobile=&#8221;&#8221; hide_on_frontpage=&#8221;&#8221; css=&#8221;.vc_custom_1626769739902{margin-bottom: 50px !important;padding-top: 100px !important;padding-bottom: 100px !important;background-image: url(https:\/\/residenciaverdi.com\/wp-content\/uploads\/instalaciones-1-1.jpg?id=1557) !important;background-position: center !important;}&#8221;][vc_column icons_position=&#8221;left&#8221;]<div id=\"sc_title_466022843\"\r\n\t\tclass=\"sc_title color_style_link3 sc_title_default  vc_custom_1626356481310\"><h1 class=\"sc_item_title sc_title_title sc_align_center sc_item_title_style_default sc_item_title_tag\">Les Instal\u00b7lacions<\/h1><\/div><!-- \/.sc_title -->[\/vc_column][\/vc_row][vc_row][vc_column icons_position=&#8221;left&#8221;][vc_column_text css=&#8221;.vc_custom_1626763797996{margin-bottom: 35px !important;}&#8221;]<\/p>\n<h4>Habitacions<\/h4>\n<p><strong><span style=\"color: #d57c1b;\">Sencillesa i comoditat<\/span><\/strong><br \/>\nLa missi\u00f3 de la Resid\u00e8ncia Geri\u00e0trica Verdi \u00e9s assegurar el benestar, per la qual cosa totes les instal\u00b7lacions estan dotades dels elements necessaris. A m\u00e9s, volem que els nostres usuaris se sentin com a casa i, per aix\u00f2, poden personalitzar les seves habitacions amb quadres, fotos, o fins i tot amb mobiliari per a adaptar l&#8217;espai als seus gustos i necessitats.<\/p>\n<p>Resid\u00e8ncia Geri\u00e0trica Verdi disposa de capacitat per a allotjar a 45 residents, distribu\u00efts en 18 habitacions dobles i 9 individuals.[\/vc_column_text][vc_row_inner content_placement=&#8221;middle&#8221; gap=&#8221;35&#8243;][vc_column_inner width=&#8221;1\/2&#8243; icons_position=&#8221;left&#8221;][vc_single_image image=&#8221;1547&#8243; img_size=&#8221;large&#8221; alignment=&#8221;center&#8221;][\/vc_column_inner][vc_column_inner width=&#8221;1\/2&#8243; icons_position=&#8221;left&#8221;][vc_single_image image=&#8221;1546&#8243; img_size=&#8221;large&#8221; alignment=&#8221;center&#8221;][\/vc_column_inner][\/vc_row_inner][\/vc_column][\/vc_row][vc_row][vc_column icons_position=&#8221;left&#8221;][vc_empty_space alter_height=&#8221;none&#8221; hide_on_desktop=&#8221;&#8221; hide_on_notebook=&#8221;&#8221; hide_on_tablet=&#8221;&#8221; hide_on_mobile=&#8221;&#8221;][\/vc_column][\/vc_row][vc_row][vc_column icons_position=&#8221;left&#8221;][vc_column_text css=&#8221;.vc_custom_1626764466771{margin-bottom: 35px !important;}&#8221;]<\/p>\n<h4>Sales<\/h4>\n<p><strong><span style=\"color: #d57c1b;\">Versatilitat i amplitut<\/span><\/strong><\/p>\n<p>Disposem d&#8217;espais polivalents en totes les plantes. En ells, a m\u00e9s del menjar i sobretaula, es duen a terme les diverses activitats d&#8217;animaci\u00f3 per a entretenir als nostres usuaris: Pintura, bingo, jocs de cartes,\u2026<\/p>\n<p>En el sal\u00f3-menjador, les persones residents gaudeixen de la gastronomia que m\u00e9s s&#8217;ajusta a les seves necessitats i dels men\u00fas personalitzats segons les recomanacions i supervisi\u00f3 de l&#8217;equip m\u00e8dic.[\/vc_column_text][vc_single_image image=&#8221;1320&#8243; img_size=&#8221;large&#8221; alignment=&#8221;center&#8221;][\/vc_column][\/vc_row][vc_row][vc_column icons_position=&#8221;left&#8221;][vc_empty_space alter_height=&#8221;none&#8221; hide_on_desktop=&#8221;&#8221; hide_on_notebook=&#8221;&#8221; hide_on_tablet=&#8221;&#8221; hide_on_mobile=&#8221;&#8221;][\/vc_column][\/vc_row][vc_row][vc_column icons_position=&#8221;left&#8221;][vc_column_text css=&#8221;.vc_custom_1626764544297{margin-bottom: 35px !important;}&#8221;]<\/p>\n<h4>Exteriors<\/h4>\n<p><strong><span style=\"color: #d57c1b;\">Tranquil\u00b7litat al aire lliure<\/span><\/strong><\/p>\n<p>La seguretat de les persones que resideixen en el centre \u00e9s primordial i, per aquest motiu, tot l&#8217;edifici compleix els requisits exigits per l&#8217;Administraci\u00f3 sense oblidar que, simult\u00e0niament, es mant\u00e9 com un entorn acollidor i familiar.<\/p>\n<p>La resid\u00e8ncia compta amb dues terrasses exteriors,una coberta per a prendre l&#8217;aire en dies plujosos, dotades del mobiliari adequat per a aquest mitj\u00e0, tendals i jardineria. En aquest ambient id\u00edl\u00b7lic, les persones residents compten amb un espai m\u00e9s per a socialitzar entre si i amb els seus familiars. Es tracta d&#8217;un petit oasi d&#8217;all\u00f2 m\u00e9s relaxant i segur dins de la gran ciutat.[\/vc_column_text][vc_row_inner content_placement=&#8221;middle&#8221; gap=&#8221;35&#8243;][vc_column_inner width=&#8221;1\/2&#8243; icons_position=&#8221;left&#8221;][vc_single_image image=&#8221;1319&#8243; img_size=&#8221;large&#8221; alignment=&#8221;center&#8221;][\/vc_column_inner][vc_column_inner width=&#8221;1\/2&#8243; icons_position=&#8221;left&#8221;][vc_single_image image=&#8221;1552&#8243; img_size=&#8221;large&#8221; alignment=&#8221;center&#8221;][\/vc_column_inner][\/vc_row_inner][\/vc_column][\/vc_row][vc_row][vc_column icons_position=&#8221;left&#8221;][vc_empty_space alter_height=&#8221;none&#8221; hide_on_desktop=&#8221;&#8221; hide_on_notebook=&#8221;&#8221; hide_on_tablet=&#8221;&#8221; hide_on_mobile=&#8221;&#8221;][\/vc_column][\/vc_row][vc_row gap=&#8221;35&#8243; equal_height=&#8221;yes&#8221;][vc_column width=&#8221;1\/2&#8243; icons_position=&#8221;left&#8221;][vc_column_text css=&#8221;.vc_custom_1628670059786{margin-bottom: 35px !important;}&#8221;]<\/p>\n<h4>Cuina<\/h4>\n<p><strong><span style=\"color: #d57c1b;\">Cuina i salut<\/span><\/strong><\/p>\n<p>El centre compta amb la seva pr\u00f2pia cuina, cuidada i en constant moviment. Els aliments s\u00f3n de primera qualitat i els men\u00fas, variats i nutritius, s&#8217;adapten a les necessitats de cada persona resident oferint segones opcions, men\u00fas de dieta, diab\u00e8tics, hipos\u00f2dics o cel\u00edacs, i de textura normal, tova i triturada. La dieta est\u00e0 supervisada pel nostre servei m\u00e8dic.[\/vc_column_text][vc_single_image image=&#8221;1551&#8243; img_size=&#8221;large&#8221; alignment=&#8221;center&#8221;][\/vc_column][vc_column width=&#8221;1\/2&#8243; icons_position=&#8221;left&#8221;][vc_column_text css=&#8221;.vc_custom_1626765527801{margin-bottom: 35px !important;}&#8221;]<\/p>\n<h4>Bugaderia<\/h4>\n<p><strong><span style=\"color: #d57c1b;\">La higiene, un factor molt important<\/span><\/strong><\/p>\n<p>A m\u00e9s d&#8217;estar cont\u00ednuament cuidant la neteja de tots els espais, el centre compta amb la seva pr\u00f2pia bugaderia, on es renta la roba de llit i les tovalloles, que ofereix el centre, i la roba del resident degudament marcada amb el seu nom. El personal s&#8217;ocupa de portar la roba a la bugaderia i retornar-la neta a les habitacions.[\/vc_column_text][vc_single_image image=&#8221;1553&#8243; img_size=&#8221;large&#8221; alignment=&#8221;center&#8221;][\/vc_column][\/vc_row][vc_row][vc_column icons_position=&#8221;left&#8221;][vc_empty_space alter_height=&#8221;none&#8221; hide_on_desktop=&#8221;&#8221; hide_on_notebook=&#8221;&#8221; hide_on_tablet=&#8221;&#8221; hide_on_mobile=&#8221;&#8221;][\/vc_column][\/vc_row][vc_row gap=&#8221;35&#8243; equal_height=&#8221;yes&#8221;][vc_column width=&#8221;1\/2&#8243; icons_position=&#8221;left&#8221;][vc_column_text css=&#8221;.vc_custom_1626768800175{margin-bottom: 35px !important;}&#8221;]<\/p>\n<h4>Consulta<\/h4>\n<p><strong><span style=\"color: #d57c1b;\">La salut, el primer<\/span><\/strong><\/p>\n<p>La salut dels usuaris \u00e9s fonamental, per aix\u00f2 disposem d&#8217;un servei m\u00e8dic propi. L&#8217;atenci\u00f3 m\u00e8dica t\u00e9 el seu espai en la consulta i, si \u00e9s necessari, a l&#8217;habitaci\u00f3 de l&#8217;usuari. El personal m\u00e8dic resoldr\u00e0 qualsevol dubte que tingui el pacient o la seva fam\u00edlia, a m\u00e9s, l&#8217;equip guarda i prepara la medicaci\u00f3 perqu\u00e8 el resident no hagi de preocupar-se per res.[\/vc_column_text][vc_single_image image=&#8221;1555&#8243; img_size=&#8221;large&#8221; alignment=&#8221;center&#8221;][\/vc_column][vc_column width=&#8221;1\/2&#8243; icons_position=&#8221;left&#8221;][vc_column_text css=&#8221;.vc_custom_1627462963899{margin-bottom: 35px !important;}&#8221;]<\/p>\n<h4>Serveis auxiliars<\/h4>\n<p><strong><span style=\"color: #d57c1b;\">Seguretat i confort a l&#8217;abast de tots<\/span><\/strong><\/p>\n<p>El centre disposa de calefacci\u00f3 central per gas natural, i sistemes de subministrament ininterromput d&#8217;electricitat i aigua calenta. Sempre llestos per a assegurar el major confort als usuaris. A m\u00e9s, comptem amb els m\u00e9s avan\u00e7ats sistemes de seguretat contra incendis, amb mitjans d&#8217;extinci\u00f3 propis, que s\u00f3n revisats peri\u00f2dicament, i amb sistema de videovigil\u00e0ncia per a oferir una major seguretat.[\/vc_column_text][vc_single_image image=&#8221;1554&#8243; img_size=&#8221;large&#8221; alignment=&#8221;center&#8221;][\/vc_column][\/vc_row][vc_row][vc_column icons_position=&#8221;left&#8221;][vc_empty_space alter_height=&#8221;none&#8221; hide_on_desktop=&#8221;&#8221; hide_on_notebook=&#8221;&#8221; hide_on_tablet=&#8221;&#8221; hide_on_mobile=&#8221;&#8221;][\/vc_column][\/vc_row]<\/p>\n<\/div>","protected":false},"excerpt":{"rendered":"<p>[vc_row full_width=&#8221;stretch_row_content_no_spaces&#8221; content_placement=&#8221;middle&#8221; scheme=&#8221;dark&#8221; hide_bg_image_on_tablet=&#8221;&#8221; hide_bg_image_on_mobile=&#8221;&#8221; row_delimiter=&#8221;&#8221; hide_on_desktop=&#8221;&#8221; hide_on_notebook=&#8221;&#8221; hide_on_tablet=&#8221;&#8221; hide_on_mobile=&#8221;&#8221; hide_on_frontpage=&#8221;&#8221; css=&#8221;.vc_custom_1626769739902{margin-bottom: 50px !important;padding-top: 100px !important;padding-bottom: 100px !important;background-image: url(https:\/\/residenciaverdi.com\/wp-content\/uploads\/instalaciones-1-1.jpg?id=1557) !important;background-position: center !important;}&#8221;][vc_column icons_position=&#8221;left&#8221;][\/vc_column][\/vc_row][vc_row][vc_column icons_position=&#8221;left&#8221;][vc_column_text css=&#8221;.vc_custom_1626763797996{margin-bottom: 35px !important;}&#8221;] Habitacions Sencillesa i comoditat La missi\u00f3 de la Resid\u00e8ncia Geri\u00e0trica Verdi \u00e9s&hellip;<\/p>\n","protected":false},"author":1,"featured_media":0,"parent":0,"menu_order":0,"comment_status":"closed","ping_status":"closed","template":"","meta":{"_monsterinsights_skip_tracking":false,"_monsterinsights_sitenote_active":false,"_monsterinsights_sitenote_note":"","_monsterinsights_sitenote_category":0,"footnotes":""},"class_list":["post-1692","page","type-page","status-publish","hentry"],"yoast_head":"<!-- This site is optimized with the Yoast SEO plugin v27.5 - https:\/\/yoast.com\/product\/yoast-seo-wordpress\/ -->\n<title>Instal\u00b7lacions - Residencia Geri\u00e1trica Verdi<\/title>\n<meta name=\"description\" content=\"Les nostres instal\u00b7lacions disposen de tot el necessari per al seu benestar: habitacions dobles i individuals, zones exteriors, consulta m\u00e8dica, ...\" \/>\n<meta name=\"robots\" content=\"index, follow, max-snippet:-1, max-image-preview:large, max-video-preview:-1\" \/>\n<link rel=\"canonical\" href=\"https:\/\/residenciaverdi.com\/ca\/instalacions\/\" \/>\n<meta property=\"og:locale\" content=\"ca_ES\" \/>\n<meta property=\"og:type\" content=\"article\" \/>\n<meta property=\"og:title\" content=\"Instal\u00b7lacions - Residencia Geri\u00e1trica Verdi\" \/>\n<meta property=\"og:description\" content=\"Les nostres instal\u00b7lacions disposen de tot el necessari per al seu benestar: habitacions dobles i individuals, zones exteriors, consulta m\u00e8dica, ...\" \/>\n<meta property=\"og:url\" content=\"https:\/\/residenciaverdi.com\/ca\/instalacions\/\" \/>\n<meta property=\"og:site_name\" content=\"Residencia Geri\u00e1trica Verdi\" \/>\n<meta property=\"article:modified_time\" content=\"2021-09-15T11:28:35+00:00\" \/>\n<meta name=\"twitter:card\" content=\"summary_large_image\" \/>\n<script type=\"application\/ld+json\" class=\"yoast-schema-graph\">{\"@context\":\"https:\\\/\\\/schema.org\",\"@graph\":[{\"@type\":\"WebPage\",\"@id\":\"https:\\\/\\\/residenciaverdi.com\\\/ca\\\/instalacions\\\/\",\"url\":\"https:\\\/\\\/residenciaverdi.com\\\/ca\\\/instalacions\\\/\",\"name\":\"Instal\u00b7lacions - Residencia Geri\u00e1trica Verdi\",\"isPartOf\":{\"@id\":\"https:\\\/\\\/tan-boar-952704.hostingersite.com\\\/#website\"},\"datePublished\":\"2021-08-03T15:04:01+00:00\",\"dateModified\":\"2021-09-15T11:28:35+00:00\",\"description\":\"Les nostres instal\u00b7lacions disposen de tot el necessari per al seu benestar: habitacions dobles i individuals, zones exteriors, consulta m\u00e8dica, ...\",\"breadcrumb\":{\"@id\":\"https:\\\/\\\/residenciaverdi.com\\\/ca\\\/instalacions\\\/#breadcrumb\"},\"inLanguage\":\"ca\",\"potentialAction\":[{\"@type\":\"ReadAction\",\"target\":[\"https:\\\/\\\/residenciaverdi.com\\\/ca\\\/instalacions\\\/\"]}]},{\"@type\":\"BreadcrumbList\",\"@id\":\"https:\\\/\\\/residenciaverdi.com\\\/ca\\\/instalacions\\\/#breadcrumb\",\"itemListElement\":[{\"@type\":\"ListItem\",\"position\":1,\"name\":\"Portada\",\"item\":\"https:\\\/\\\/residenciaverdi.com\\\/ca\\\/\"},{\"@type\":\"ListItem\",\"position\":2,\"name\":\"Instal\u00b7lacions\"}]},{\"@type\":\"WebSite\",\"@id\":\"https:\\\/\\\/tan-boar-952704.hostingersite.com\\\/#website\",\"url\":\"https:\\\/\\\/tan-boar-952704.hostingersite.com\\\/\",\"name\":\"Residencia Geri\u00e1trica Verdi\",\"description\":\"Cuidamos de nuestros mayores\",\"publisher\":{\"@id\":\"https:\\\/\\\/tan-boar-952704.hostingersite.com\\\/#organization\"},\"potentialAction\":[{\"@type\":\"SearchAction\",\"target\":{\"@type\":\"EntryPoint\",\"urlTemplate\":\"https:\\\/\\\/tan-boar-952704.hostingersite.com\\\/?s={search_term_string}\"},\"query-input\":{\"@type\":\"PropertyValueSpecification\",\"valueRequired\":true,\"valueName\":\"search_term_string\"}}],\"inLanguage\":\"ca\"},{\"@type\":\"Organization\",\"@id\":\"https:\\\/\\\/tan-boar-952704.hostingersite.com\\\/#organization\",\"name\":\"Residencia geri\u00e1trica Verdi\",\"url\":\"https:\\\/\\\/tan-boar-952704.hostingersite.com\\\/\",\"logo\":{\"@type\":\"ImageObject\",\"inLanguage\":\"ca\",\"@id\":\"https:\\\/\\\/tan-boar-952704.hostingersite.com\\\/#\\\/schema\\\/logo\\\/image\\\/\",\"url\":\"https:\\\/\\\/residenciaverdi.com\\\/wp-content\\\/uploads\\\/logo-residencia-geriatrica-verdi-retina.jpg\",\"contentUrl\":\"https:\\\/\\\/residenciaverdi.com\\\/wp-content\\\/uploads\\\/logo-residencia-geriatrica-verdi-retina.jpg\",\"width\":406,\"height\":164,\"caption\":\"Residencia geri\u00e1trica Verdi\"},\"image\":{\"@id\":\"https:\\\/\\\/tan-boar-952704.hostingersite.com\\\/#\\\/schema\\\/logo\\\/image\\\/\"}}]}<\/script>\n<!-- \/ Yoast SEO plugin. -->","yoast_head_json":{"title":"Instal\u00b7lacions - Residencia Geri\u00e1trica Verdi","description":"Les nostres instal\u00b7lacions disposen de tot el necessari per al seu benestar: habitacions dobles i individuals, zones exteriors, consulta m\u00e8dica, ...","robots":{"index":"index","follow":"follow","max-snippet":"max-snippet:-1","max-image-preview":"max-image-preview:large","max-video-preview":"max-video-preview:-1"},"canonical":"https:\/\/residenciaverdi.com\/ca\/instalacions\/","og_locale":"ca_ES","og_type":"article","og_title":"Instal\u00b7lacions - Residencia Geri\u00e1trica Verdi","og_description":"Les nostres instal\u00b7lacions disposen de tot el necessari per al seu benestar: habitacions dobles i individuals, zones exteriors, consulta m\u00e8dica, ...","og_url":"https:\/\/residenciaverdi.com\/ca\/instalacions\/","og_site_name":"Residencia Geri\u00e1trica Verdi","article_modified_time":"2021-09-15T11:28:35+00:00","twitter_card":"summary_large_image","schema":{"@context":"https:\/\/schema.org","@graph":[{"@type":"WebPage","@id":"https:\/\/residenciaverdi.com\/ca\/instalacions\/","url":"https:\/\/residenciaverdi.com\/ca\/instalacions\/","name":"Instal\u00b7lacions - Residencia Geri\u00e1trica Verdi","isPartOf":{"@id":"https:\/\/tan-boar-952704.hostingersite.com\/#website"},"datePublished":"2021-08-03T15:04:01+00:00","dateModified":"2021-09-15T11:28:35+00:00","description":"Les nostres instal\u00b7lacions disposen de tot el necessari per al seu benestar: habitacions dobles i individuals, zones exteriors, consulta m\u00e8dica, ...","breadcrumb":{"@id":"https:\/\/residenciaverdi.com\/ca\/instalacions\/#breadcrumb"},"inLanguage":"ca","potentialAction":[{"@type":"ReadAction","target":["https:\/\/residenciaverdi.com\/ca\/instalacions\/"]}]},{"@type":"BreadcrumbList","@id":"https:\/\/residenciaverdi.com\/ca\/instalacions\/#breadcrumb","itemListElement":[{"@type":"ListItem","position":1,"name":"Portada","item":"https:\/\/residenciaverdi.com\/ca\/"},{"@type":"ListItem","position":2,"name":"Instal\u00b7lacions"}]},{"@type":"WebSite","@id":"https:\/\/tan-boar-952704.hostingersite.com\/#website","url":"https:\/\/tan-boar-952704.hostingersite.com\/","name":"Residencia Geri\u00e1trica Verdi","description":"Cuidamos de nuestros mayores","publisher":{"@id":"https:\/\/tan-boar-952704.hostingersite.com\/#organization"},"potentialAction":[{"@type":"SearchAction","target":{"@type":"EntryPoint","urlTemplate":"https:\/\/tan-boar-952704.hostingersite.com\/?s={search_term_string}"},"query-input":{"@type":"PropertyValueSpecification","valueRequired":true,"valueName":"search_term_string"}}],"inLanguage":"ca"},{"@type":"Organization","@id":"https:\/\/tan-boar-952704.hostingersite.com\/#organization","name":"Residencia geri\u00e1trica Verdi","url":"https:\/\/tan-boar-952704.hostingersite.com\/","logo":{"@type":"ImageObject","inLanguage":"ca","@id":"https:\/\/tan-boar-952704.hostingersite.com\/#\/schema\/logo\/image\/","url":"https:\/\/residenciaverdi.com\/wp-content\/uploads\/logo-residencia-geriatrica-verdi-retina.jpg","contentUrl":"https:\/\/residenciaverdi.com\/wp-content\/uploads\/logo-residencia-geriatrica-verdi-retina.jpg","width":406,"height":164,"caption":"Residencia geri\u00e1trica Verdi"},"image":{"@id":"https:\/\/tan-boar-952704.hostingersite.com\/#\/schema\/logo\/image\/"}}]}},"_links":{"self":[{"href":"https:\/\/residenciaverdi.com\/ca\/wp-json\/wp\/v2\/pages\/1692","targetHints":{"allow":["GET"]}}],"collection":[{"href":"https:\/\/residenciaverdi.com\/ca\/wp-json\/wp\/v2\/pages"}],"about":[{"href":"https:\/\/residenciaverdi.com\/ca\/wp-json\/wp\/v2\/types\/page"}],"author":[{"embeddable":true,"href":"https:\/\/residenciaverdi.com\/ca\/wp-json\/wp\/v2\/users\/1"}],"replies":[{"embeddable":true,"href":"https:\/\/residenciaverdi.com\/ca\/wp-json\/wp\/v2\/comments?post=1692"}],"version-history":[{"count":6,"href":"https:\/\/residenciaverdi.com\/ca\/wp-json\/wp\/v2\/pages\/1692\/revisions"}],"predecessor-version":[{"id":1831,"href":"https:\/\/residenciaverdi.com\/ca\/wp-json\/wp\/v2\/pages\/1692\/revisions\/1831"}],"wp:attachment":[{"href":"https:\/\/residenciaverdi.com\/ca\/wp-json\/wp\/v2\/media?parent=1692"}],"curies":[{"name":"wp","href":"https:\/\/api.w.org\/{rel}","templated":true}]}}