{"id":1704,"date":"2021-08-05T11:15:03","date_gmt":"2021-08-05T11:15:03","guid":{"rendered":"https:\/\/residenciaverdi.com\/tarifes\/"},"modified":"2023-12-05T11:47:03","modified_gmt":"2023-12-05T11:47:03","slug":"tarifes","status":"publish","type":"page","link":"https:\/\/residenciaverdi.com\/ca\/tarifes\/","title":{"rendered":"Tarifes"},"content":{"rendered":"<div class=\"wpb-content-wrapper\"><p>[vc_row full_width=&#8221;stretch_row_content_no_spaces&#8221; content_placement=&#8221;middle&#8221; scheme=&#8221;dark&#8221; hide_bg_image_on_tablet=&#8221;&#8221; hide_bg_image_on_mobile=&#8221;&#8221; row_delimiter=&#8221;&#8221; hide_on_desktop=&#8221;&#8221; hide_on_notebook=&#8221;&#8221; hide_on_tablet=&#8221;&#8221; hide_on_mobile=&#8221;&#8221; hide_on_frontpage=&#8221;&#8221; css=&#8221;.vc_custom_1627052013591{margin-bottom: 50px !important;padding-top: 100px !important;padding-bottom: 100px !important;background-image: url(https:\/\/residenciaverdi.com\/wp-content\/uploads\/tarifas-3.jpg?id=1625) !important;background-position: center !important;}&#8221;][vc_column icons_position=&#8221;left&#8221;]<div id=\"sc_title_1457123255\"\r\n\t\tclass=\"sc_title color_style_link3 sc_title_default  vc_custom_1626425351891\"><h1 class=\"sc_item_title sc_title_title sc_align_center sc_item_title_style_default sc_item_title_tag\">Tarifes<\/h1><\/div><!-- \/.sc_title -->[\/vc_column][\/vc_row][vc_row gap=&#8221;35&#8243; equal_height=&#8221;yes&#8221; content_placement=&#8221;middle&#8221; hide_bg_image_on_tablet=&#8221;&#8221; hide_bg_image_on_mobile=&#8221;&#8221; css=&#8221;.vc_custom_1626343168705{background-color: #f3f2f0 !important;}&#8221;][vc_column width=&#8221;1\/2&#8243; icons_position=&#8221;left&#8221;]<div id=\"sc_title_931116817\"\r\n\t\tclass=\"sc_title color_style_default sc_title_default  vc_custom_1626425417429\"><h3 class=\"sc_item_title sc_title_title sc_align_left sc_item_title_style_default sc_item_title_tag\">Relaci\u00f3n calidad-precio inmejorable<\/h3><\/div><!-- \/.sc_title -->[vc_empty_space height=&#8221;25px&#8221; alter_height=&#8221;none&#8221; hide_on_desktop=&#8221;&#8221; hide_on_notebook=&#8221;&#8221; hide_on_tablet=&#8221;&#8221; hide_on_mobile=&#8221;&#8221;][vc_column_text]Resid\u00e8ncia Geri\u00e0trica Verdi ofereix unes tarifes molt competitives i amb una molt bona relaci\u00f3 qualitat \u2013 preu. Tots els anys les tarifes intenten ajustar-se al m\u00e0xim per a facilitar l&#8217;acc\u00e9s a les persones usu\u00e0ries.[\/vc_column_text][vc_empty_space height=&#8221;50px&#8221; alter_height=&#8221;none&#8221; hide_on_desktop=&#8221;&#8221; hide_on_notebook=&#8221;&#8221; hide_on_tablet=&#8221;&#8221; hide_on_mobile=&#8221;&#8221;][vc_row_inner content_placement=&#8221;top&#8221; hide_bg_image_on_tablet=&#8221;&#8221; hide_bg_image_on_mobile=&#8221;&#8221; row_type=&#8221;compact&#8221; row_delimiter=&#8221;&#8221; css=&#8221;.vc_custom_1626433254914{margin-left: 30px !important;}&#8221;][vc_column_inner width=&#8221;1\/5&#8243; icons_position=&#8221;right&#8221; offset=&#8221;vc_hidden-xs&#8221;][vc_column_text el_class=&#8221;number&#8221;]<\/p>\n<p style=\"text-align: center;\">I<\/p>\n<p>[\/vc_column_text][\/vc_column_inner][vc_column_inner width=&#8221;3\/5&#8243; fix_column=&#8221;&#8221; hide_bg_image_on_tablet=&#8221;&#8221; hide_bg_image_on_mobile=&#8221;&#8221; column_align=&#8221;left&#8221; icons_position=&#8221;left&#8221; offset=&#8221;vc_hidden-xs&#8221;][vc_column_text]<strong>Tipus de habitaci\u00f3 individual<\/strong><br \/>\nHabitaci\u00f3 est\u00e0ndar 2.400\u20ac*[\/vc_column_text][\/vc_column_inner][vc_column_inner width=&#8221;1\/5&#8243; icons_position=&#8221;left&#8221; offset=&#8221;vc_hidden-xs&#8221;][\/vc_column_inner][\/vc_row_inner][vc_row_inner content_placement=&#8221;top&#8221; hide_bg_image_on_tablet=&#8221;&#8221; hide_bg_image_on_mobile=&#8221;&#8221; css=&#8221;.vc_custom_1626433294247{margin-left: 30px !important;}&#8221;][vc_column_inner width=&#8221;1\/5&#8243; icons_position=&#8221;right&#8221; offset=&#8221;vc_hidden-xs&#8221;][vc_column_text el_class=&#8221;number&#8221;]<\/p>\n<p style=\"text-align: center;\">C<\/p>\n<p>[\/vc_column_text][\/vc_column_inner][vc_column_inner width=&#8221;3\/5&#8243; fix_column=&#8221;&#8221; hide_bg_image_on_tablet=&#8221;&#8221; hide_bg_image_on_mobile=&#8221;&#8221; column_align=&#8221;left&#8221; icons_position=&#8221;left&#8221; offset=&#8221;vc_hidden-xs&#8221;][vc_column_text]<strong>Tipus de habitaci\u00f3 compartida<\/strong><br \/>\nHabitaci\u00f3 est\u00e0ndar 2.200\u20ac*<\/p>\n<p>* Tarifes orientatives 2024<br \/>\n** IVA incl\u00f3s[\/vc_column_text][\/vc_column_inner][vc_column_inner width=&#8221;1\/5&#8243; icons_position=&#8221;left&#8221; offset=&#8221;vc_hidden-xs&#8221;][\/vc_column_inner][\/vc_row_inner][\/vc_column][vc_column width=&#8221;1\/2&#8243; fix_column=&#8221;&#8221; hide_bg_image_on_tablet=&#8221;&#8221; hide_bg_image_on_mobile=&#8221;&#8221; icons_position=&#8221;left&#8221; css=&#8221;.vc_custom_1626432191475{margin-top: 30px !important;margin-right: 30px !important;margin-bottom: 30px !important;margin-left: 30px !important;}&#8221;][vc_single_image image=&#8221;1624&#8243; img_size=&#8221;large&#8221; alignment=&#8221;center&#8221;][\/vc_column][\/vc_row]<\/p>\n<\/div>","protected":false},"excerpt":{"rendered":"<p>[vc_row full_width=&#8221;stretch_row_content_no_spaces&#8221; content_placement=&#8221;middle&#8221; scheme=&#8221;dark&#8221; hide_bg_image_on_tablet=&#8221;&#8221; hide_bg_image_on_mobile=&#8221;&#8221; row_delimiter=&#8221;&#8221; hide_on_desktop=&#8221;&#8221; hide_on_notebook=&#8221;&#8221; hide_on_tablet=&#8221;&#8221; hide_on_mobile=&#8221;&#8221; hide_on_frontpage=&#8221;&#8221; css=&#8221;.vc_custom_1627052013591{margin-bottom: 50px !important;padding-top: 100px !important;padding-bottom: 100px !important;background-image: url(https:\/\/residenciaverdi.com\/wp-content\/uploads\/tarifas-3.jpg?id=1625) !important;background-position: center !important;}&#8221;][vc_column icons_position=&#8221;left&#8221;][\/vc_column][\/vc_row][vc_row gap=&#8221;35&#8243; equal_height=&#8221;yes&#8221; content_placement=&#8221;middle&#8221; hide_bg_image_on_tablet=&#8221;&#8221; hide_bg_image_on_mobile=&#8221;&#8221; css=&#8221;.vc_custom_1626343168705{background-color: #f3f2f0 !important;}&#8221;][vc_column width=&#8221;1\/2&#8243; icons_position=&#8221;left&#8221;][vc_empty_space height=&#8221;25px&#8221; alter_height=&#8221;none&#8221; hide_on_desktop=&#8221;&#8221; hide_on_notebook=&#8221;&#8221; hide_on_tablet=&#8221;&#8221; hide_on_mobile=&#8221;&#8221;][vc_column_text]Resid\u00e8ncia&hellip;<\/p>\n","protected":false},"author":1,"featured_media":0,"parent":0,"menu_order":0,"comment_status":"closed","ping_status":"closed","template":"","meta":{"_monsterinsights_skip_tracking":false,"_monsterinsights_sitenote_active":false,"_monsterinsights_sitenote_note":"","_monsterinsights_sitenote_category":0,"footnotes":""},"class_list":["post-1704","page","type-page","status-publish","hentry"],"yoast_head":"<!-- This site is optimized with the Yoast SEO plugin v27.5 - https:\/\/yoast.com\/product\/yoast-seo-wordpress\/ -->\n<title>Tarifes - Residencia Geri\u00e1trica Verdi<\/title>\n<meta name=\"description\" content=\"Tarifes molt competitives i amb una molt bona relaci\u00f3 qualitat\u2013preu. Tarifa habitaci\u00f3 individual o compartida.\" \/>\n<meta name=\"robots\" content=\"index, follow, max-snippet:-1, max-image-preview:large, max-video-preview:-1\" \/>\n<link rel=\"canonical\" href=\"https:\/\/residenciaverdi.com\/ca\/tarifes\/\" \/>\n<meta property=\"og:locale\" content=\"ca_ES\" \/>\n<meta property=\"og:type\" content=\"article\" \/>\n<meta property=\"og:title\" content=\"Tarifes - Residencia Geri\u00e1trica Verdi\" \/>\n<meta property=\"og:description\" content=\"Tarifes molt competitives i amb una molt bona relaci\u00f3 qualitat\u2013preu. Tarifa habitaci\u00f3 individual o compartida.\" \/>\n<meta property=\"og:url\" content=\"https:\/\/residenciaverdi.com\/ca\/tarifes\/\" \/>\n<meta property=\"og:site_name\" content=\"Residencia Geri\u00e1trica Verdi\" \/>\n<meta property=\"article:modified_time\" content=\"2023-12-05T11:47:03+00:00\" \/>\n<meta name=\"twitter:card\" content=\"summary_large_image\" \/>\n<script type=\"application\/ld+json\" class=\"yoast-schema-graph\">{\"@context\":\"https:\\\/\\\/schema.org\",\"@graph\":[{\"@type\":\"WebPage\",\"@id\":\"https:\\\/\\\/residenciaverdi.com\\\/ca\\\/tarifes\\\/\",\"url\":\"https:\\\/\\\/residenciaverdi.com\\\/ca\\\/tarifes\\\/\",\"name\":\"Tarifes - Residencia Geri\u00e1trica Verdi\",\"isPartOf\":{\"@id\":\"https:\\\/\\\/tan-boar-952704.hostingersite.com\\\/#website\"},\"datePublished\":\"2021-08-05T11:15:03+00:00\",\"dateModified\":\"2023-12-05T11:47:03+00:00\",\"description\":\"Tarifes molt competitives i amb una molt bona relaci\u00f3 qualitat\u2013preu. Tarifa habitaci\u00f3 individual o compartida.\",\"breadcrumb\":{\"@id\":\"https:\\\/\\\/residenciaverdi.com\\\/ca\\\/tarifes\\\/#breadcrumb\"},\"inLanguage\":\"ca\",\"potentialAction\":[{\"@type\":\"ReadAction\",\"target\":[\"https:\\\/\\\/residenciaverdi.com\\\/ca\\\/tarifes\\\/\"]}]},{\"@type\":\"BreadcrumbList\",\"@id\":\"https:\\\/\\\/residenciaverdi.com\\\/ca\\\/tarifes\\\/#breadcrumb\",\"itemListElement\":[{\"@type\":\"ListItem\",\"position\":1,\"name\":\"Portada\",\"item\":\"https:\\\/\\\/residenciaverdi.com\\\/ca\\\/\"},{\"@type\":\"ListItem\",\"position\":2,\"name\":\"Tarifes\"}]},{\"@type\":\"WebSite\",\"@id\":\"https:\\\/\\\/tan-boar-952704.hostingersite.com\\\/#website\",\"url\":\"https:\\\/\\\/tan-boar-952704.hostingersite.com\\\/\",\"name\":\"Residencia Geri\u00e1trica Verdi\",\"description\":\"Cuidamos de nuestros mayores\",\"publisher\":{\"@id\":\"https:\\\/\\\/tan-boar-952704.hostingersite.com\\\/#organization\"},\"potentialAction\":[{\"@type\":\"SearchAction\",\"target\":{\"@type\":\"EntryPoint\",\"urlTemplate\":\"https:\\\/\\\/tan-boar-952704.hostingersite.com\\\/?s={search_term_string}\"},\"query-input\":{\"@type\":\"PropertyValueSpecification\",\"valueRequired\":true,\"valueName\":\"search_term_string\"}}],\"inLanguage\":\"ca\"},{\"@type\":\"Organization\",\"@id\":\"https:\\\/\\\/tan-boar-952704.hostingersite.com\\\/#organization\",\"name\":\"Residencia geri\u00e1trica Verdi\",\"url\":\"https:\\\/\\\/tan-boar-952704.hostingersite.com\\\/\",\"logo\":{\"@type\":\"ImageObject\",\"inLanguage\":\"ca\",\"@id\":\"https:\\\/\\\/tan-boar-952704.hostingersite.com\\\/#\\\/schema\\\/logo\\\/image\\\/\",\"url\":\"https:\\\/\\\/residenciaverdi.com\\\/wp-content\\\/uploads\\\/logo-residencia-geriatrica-verdi-retina.jpg\",\"contentUrl\":\"https:\\\/\\\/residenciaverdi.com\\\/wp-content\\\/uploads\\\/logo-residencia-geriatrica-verdi-retina.jpg\",\"width\":406,\"height\":164,\"caption\":\"Residencia geri\u00e1trica Verdi\"},\"image\":{\"@id\":\"https:\\\/\\\/tan-boar-952704.hostingersite.com\\\/#\\\/schema\\\/logo\\\/image\\\/\"}}]}<\/script>\n<!-- \/ Yoast SEO plugin. -->","yoast_head_json":{"title":"Tarifes - Residencia Geri\u00e1trica Verdi","description":"Tarifes molt competitives i amb una molt bona relaci\u00f3 qualitat\u2013preu. Tarifa habitaci\u00f3 individual o compartida.","robots":{"index":"index","follow":"follow","max-snippet":"max-snippet:-1","max-image-preview":"max-image-preview:large","max-video-preview":"max-video-preview:-1"},"canonical":"https:\/\/residenciaverdi.com\/ca\/tarifes\/","og_locale":"ca_ES","og_type":"article","og_title":"Tarifes - Residencia Geri\u00e1trica Verdi","og_description":"Tarifes molt competitives i amb una molt bona relaci\u00f3 qualitat\u2013preu. Tarifa habitaci\u00f3 individual o compartida.","og_url":"https:\/\/residenciaverdi.com\/ca\/tarifes\/","og_site_name":"Residencia Geri\u00e1trica Verdi","article_modified_time":"2023-12-05T11:47:03+00:00","twitter_card":"summary_large_image","schema":{"@context":"https:\/\/schema.org","@graph":[{"@type":"WebPage","@id":"https:\/\/residenciaverdi.com\/ca\/tarifes\/","url":"https:\/\/residenciaverdi.com\/ca\/tarifes\/","name":"Tarifes - Residencia Geri\u00e1trica Verdi","isPartOf":{"@id":"https:\/\/tan-boar-952704.hostingersite.com\/#website"},"datePublished":"2021-08-05T11:15:03+00:00","dateModified":"2023-12-05T11:47:03+00:00","description":"Tarifes molt competitives i amb una molt bona relaci\u00f3 qualitat\u2013preu. Tarifa habitaci\u00f3 individual o compartida.","breadcrumb":{"@id":"https:\/\/residenciaverdi.com\/ca\/tarifes\/#breadcrumb"},"inLanguage":"ca","potentialAction":[{"@type":"ReadAction","target":["https:\/\/residenciaverdi.com\/ca\/tarifes\/"]}]},{"@type":"BreadcrumbList","@id":"https:\/\/residenciaverdi.com\/ca\/tarifes\/#breadcrumb","itemListElement":[{"@type":"ListItem","position":1,"name":"Portada","item":"https:\/\/residenciaverdi.com\/ca\/"},{"@type":"ListItem","position":2,"name":"Tarifes"}]},{"@type":"WebSite","@id":"https:\/\/tan-boar-952704.hostingersite.com\/#website","url":"https:\/\/tan-boar-952704.hostingersite.com\/","name":"Residencia Geri\u00e1trica Verdi","description":"Cuidamos de nuestros mayores","publisher":{"@id":"https:\/\/tan-boar-952704.hostingersite.com\/#organization"},"potentialAction":[{"@type":"SearchAction","target":{"@type":"EntryPoint","urlTemplate":"https:\/\/tan-boar-952704.hostingersite.com\/?s={search_term_string}"},"query-input":{"@type":"PropertyValueSpecification","valueRequired":true,"valueName":"search_term_string"}}],"inLanguage":"ca"},{"@type":"Organization","@id":"https:\/\/tan-boar-952704.hostingersite.com\/#organization","name":"Residencia geri\u00e1trica Verdi","url":"https:\/\/tan-boar-952704.hostingersite.com\/","logo":{"@type":"ImageObject","inLanguage":"ca","@id":"https:\/\/tan-boar-952704.hostingersite.com\/#\/schema\/logo\/image\/","url":"https:\/\/residenciaverdi.com\/wp-content\/uploads\/logo-residencia-geriatrica-verdi-retina.jpg","contentUrl":"https:\/\/residenciaverdi.com\/wp-content\/uploads\/logo-residencia-geriatrica-verdi-retina.jpg","width":406,"height":164,"caption":"Residencia geri\u00e1trica Verdi"},"image":{"@id":"https:\/\/tan-boar-952704.hostingersite.com\/#\/schema\/logo\/image\/"}}]}},"_links":{"self":[{"href":"https:\/\/residenciaverdi.com\/ca\/wp-json\/wp\/v2\/pages\/1704","targetHints":{"allow":["GET"]}}],"collection":[{"href":"https:\/\/residenciaverdi.com\/ca\/wp-json\/wp\/v2\/pages"}],"about":[{"href":"https:\/\/residenciaverdi.com\/ca\/wp-json\/wp\/v2\/types\/page"}],"author":[{"embeddable":true,"href":"https:\/\/residenciaverdi.com\/ca\/wp-json\/wp\/v2\/users\/1"}],"replies":[{"embeddable":true,"href":"https:\/\/residenciaverdi.com\/ca\/wp-json\/wp\/v2\/comments?post=1704"}],"version-history":[{"count":20,"href":"https:\/\/residenciaverdi.com\/ca\/wp-json\/wp\/v2\/pages\/1704\/revisions"}],"predecessor-version":[{"id":2277,"href":"https:\/\/residenciaverdi.com\/ca\/wp-json\/wp\/v2\/pages\/1704\/revisions\/2277"}],"wp:attachment":[{"href":"https:\/\/residenciaverdi.com\/ca\/wp-json\/wp\/v2\/media?parent=1704"}],"curies":[{"name":"wp","href":"https:\/\/api.w.org\/{rel}","templated":true}]}}