{"id":1710,"date":"2021-08-05T11:24:34","date_gmt":"2021-08-05T11:24:34","guid":{"rendered":"https:\/\/residenciaverdi.com\/contacte\/"},"modified":"2022-02-17T08:05:06","modified_gmt":"2022-02-17T08:05:06","slug":"contacte","status":"publish","type":"page","link":"https:\/\/residenciaverdi.com\/ca\/contacte\/","title":{"rendered":"Contacte"},"content":{"rendered":"<div class=\"wpb-content-wrapper\"><p>[vc_row full_width=&#8221;stretch_row_content_no_spaces&#8221; scheme=&#8221;dark&#8221; hide_bg_image_on_tablet=&#8221;&#8221; hide_bg_image_on_mobile=&#8221;&#8221; css=&#8221;.vc_custom_1645085105547{margin-bottom: 50px !important;padding-top: 100px !important;padding-bottom: 100px !important;background-image: url(https:\/\/residenciaverdi.com\/wp-content\/uploads\/contacto-1-1.jpg?id=1618) !important;background-position: center !important;}&#8221;][vc_column icons_position=&#8221;left&#8221;]<div id=\"sc_title_951349694\"\r\n\t\tclass=\"sc_title color_style_link3 sc_title_default  vc_custom_1626444075012\"><h1 class=\"sc_item_title sc_title_title sc_align_center sc_item_title_style_default sc_item_title_tag\">Contacte<\/h1><\/div><!-- \/.sc_title -->[\/vc_column][\/vc_row][vc_row][vc_column icons_position=&#8221;left&#8221;][vc_empty_space height=&#8221;120px&#8221; alter_height=&#8221;none&#8221; hide_on_desktop=&#8221;&#8221; hide_on_notebook=&#8221;1&#8243; hide_on_tablet=&#8221;1&#8243; hide_on_mobile=&#8221;1&#8243;][vc_empty_space height=&#8221;80px&#8221; alter_height=&#8221;none&#8221; hide_on_desktop=&#8221;1&#8243; hide_on_notebook=&#8221;&#8221; hide_on_tablet=&#8221;&#8221; hide_on_mobile=&#8221;1&#8243;][vc_empty_space height=&#8221;50px&#8221; alter_height=&#8221;none&#8221; hide_on_desktop=&#8221;1&#8243; hide_on_notebook=&#8221;1&#8243; hide_on_tablet=&#8221;1&#8243; hide_on_mobile=&#8221;&#8221;]<div id=\"sc_title_1623608448\"\r\n\t\tclass=\"sc_title color_style_default sc_title_default\"><h3 class=\"sc_item_title sc_title_title sc_align_center sc_item_title_style_default\">Contacta'ns<\/h3><\/div><!-- \/.sc_title -->[vc_empty_space height=&#8221;90px&#8221; alter_height=&#8221;none&#8221; hide_on_desktop=&#8221;&#8221; hide_on_notebook=&#8221;1&#8243; hide_on_tablet=&#8221;1&#8243; hide_on_mobile=&#8221;1&#8243;][vc_empty_space height=&#8221;50px&#8221; alter_height=&#8221;none&#8221; hide_on_desktop=&#8221;1&#8243; hide_on_notebook=&#8221;&#8221; hide_on_tablet=&#8221;&#8221; hide_on_mobile=&#8221;&#8221;]<div id=\"sc_icons_1000690568\" \r\n\tclass=\"sc_icons sc_icons_default sc_icons_size_small sc_align_center contact\"><div class=\"sc_icons_columns_wrap sc_item_columns trx_addons_columns_wrap columns_padding_bottom\"><div class=\"trx_addons_column-1_3\"><div class=\"sc_icons_item sc_icons_item_linked\"><div id=\"sc_icons_1000690568_icon-017_location\" class=\"sc_icons_icon sc_icon_type_ icon-017_location\"\r\n\t\t\t\t\t\t\t\t\t\t\t\t><span class=\"sc_icon_type_ icon-017_location\"><\/span><\/div><h4 class=\"sc_icons_item_title\"><span>Adre\u00e7a<\/span><\/h4><div class=\"sc_icons_item_description\"><span>c\/ Verdi 151 08012 Barcelona<\/span><\/div><a href=\"https:\/\/goo.gl\/maps\/WBDrhKaNqoEmq8KXA\" class=\"sc_icons_item_link\"><\/a><\/div><\/div><div class=\"trx_addons_column-1_3\"><div class=\"sc_icons_item\"><div id=\"sc_icons_1000690568_icon-003_chat\" class=\"sc_icons_icon sc_icon_type_ icon-003_chat\"\r\n\t\t\t\t\t\t\t\t\t\t\t\t><span class=\"sc_icon_type_ icon-003_chat\"><\/span><\/div><h4 class=\"sc_icons_item_title\"><span>Email:<\/span><\/h4><div class=\"sc_icons_item_description\"><span><a href=\"mailto:info@residenciaverdi.com\">info@residenciaverdi.com<\/a><\/span><\/div><\/div><\/div><div class=\"trx_addons_column-1_3\"><div class=\"sc_icons_item\"><div id=\"sc_icons_1000690568_icon-002_phone\" class=\"sc_icons_icon sc_icon_type_ icon-002_phone\"\r\n\t\t\t\t\t\t\t\t\t\t\t\t><span class=\"sc_icon_type_ icon-002_phone\"><\/span><\/div><h4 class=\"sc_icons_item_title\"><span>Tel\u00e8fon:<\/span><\/h4><div class=\"sc_icons_item_description\"><span><a href=\"tel:932180349<\/span><span>\">932 180 349<\/span><span><\/a><\/span><\/div><\/div><\/div><\/div><\/div><!-- \/.sc_icons -->[\/vc_column][\/vc_row][vc_row full_width=&#8221;stretch_row&#8221; hide_bg_image_on_tablet=&#8221;&#8221; hide_bg_image_on_mobile=&#8221;&#8221; row_type=&#8221;normal&#8221; row_delimiter=&#8221;&#8221; hide_on_desktop=&#8221;&#8221; hide_on_notebook=&#8221;&#8221; hide_on_tablet=&#8221;&#8221; hide_on_mobile=&#8221;&#8221; hide_on_frontpage=&#8221;&#8221;][vc_column icons_position=&#8221;left&#8221;]<div id=\"sc_content_980114335\"\r\n\t\tclass=\"sc_content color_style_default sc_content_default sc_content_width_100p sc_float_center sc_shift_y_medium  vc_custom_1518450017631\"><div class=\"sc_content_container\">[vc_empty_space height=&#8221;113px&#8221; alter_height=&#8221;none&#8221; hide_on_desktop=&#8221;&#8221; hide_on_notebook=&#8221;1&#8243; hide_on_tablet=&#8221;1&#8243; hide_on_mobile=&#8221;1&#8243;][vc_empty_space height=&#8221;80px&#8221; alter_height=&#8221;none&#8221; hide_on_desktop=&#8221;1&#8243; hide_on_notebook=&#8221;&#8221; hide_on_tablet=&#8221;&#8221; hide_on_mobile=&#8221;1&#8243;][vc_empty_space height=&#8221;50px&#8221; alter_height=&#8221;none&#8221; hide_on_desktop=&#8221;1&#8243; hide_on_notebook=&#8221;1&#8243; hide_on_tablet=&#8221;1&#8243; hide_on_mobile=&#8221;&#8221;]<div id=\"sc_title_730382205\"\r\n\t\tclass=\"sc_title color_style_default sc_title_default\"><h3 class=\"sc_item_title sc_title_title sc_align_center sc_item_title_style_default sc_item_title_tag\">Env\u00eda'ns un missatge, amb total confian\u00e7a<\/h3><\/div><!-- \/.sc_title -->[vc_empty_space height=&#8221;80px&#8221; alter_height=&#8221;none&#8221; hide_on_desktop=&#8221;&#8221; hide_on_notebook=&#8221;1&#8243; hide_on_tablet=&#8221;1&#8243; hide_on_mobile=&#8221;1&#8243;][vc_empty_space height=&#8221;40px&#8221; alter_height=&#8221;none&#8221; hide_on_desktop=&#8221;1&#8243; hide_on_notebook=&#8221;&#8221; hide_on_tablet=&#8221;&#8221; hide_on_mobile=&#8221;1&#8243;][vc_empty_space height=&#8221;30px&#8221; alter_height=&#8221;none&#8221; hide_on_desktop=&#8221;1&#8243; hide_on_notebook=&#8221;1&#8243; hide_on_tablet=&#8221;1&#8243; hide_on_mobile=&#8221;&#8221;][vc_row_inner hide_bg_image_on_tablet=&#8221;&#8221; hide_bg_image_on_mobile=&#8221;&#8221;][vc_column_inner width=&#8221;1\/6&#8243; icons_position=&#8221;left&#8221;][\/vc_column_inner][vc_column_inner width=&#8221;2\/3&#8243; fix_column=&#8221;&#8221; hide_bg_image_on_tablet=&#8221;&#8221; hide_bg_image_on_mobile=&#8221;&#8221; icons_position=&#8221;left&#8221;][vc_column_text]<\/p>\n<p style=\"text-align: center;\">Tan si decideix <strong>demanar una pla\u00e7a<\/strong> al centre, como si t\u00e9 <strong>dubtes<\/strong> que necessita resoldre o si vol<strong>concertar una visita<\/strong> per veure les instal\u00b7lacions, <span style=\"color: #d57c1b; font-weight: 500;\">pot posar-se en contacte amb nosaltres sense comprom\u00eds<\/span> mitjan\u00e7ant aquest formulari.<\/p>\n<p>[\/vc_column_text][vc_empty_space height=&#8221;50px&#8221; alter_height=&#8221;none&#8221; hide_on_desktop=&#8221;&#8221; hide_on_notebook=&#8221;&#8221; hide_on_tablet=&#8221;&#8221; hide_on_mobile=&#8221;&#8221;]\n<div class=\"wpcf7 no-js\" id=\"wpcf7-f1899-o1\" lang=\"ca\" dir=\"ltr\" data-wpcf7-id=\"1899\">\n<div class=\"screen-reader-response\"><p role=\"status\" aria-live=\"polite\" aria-atomic=\"true\"><\/p> <ul><\/ul><\/div>\n<form action=\"\/ca\/wp-json\/wp\/v2\/pages\/1710#wpcf7-f1899-o1\" method=\"post\" class=\"wpcf7-form init wpcf7-acceptance-as-validation\" aria-label=\"Formulari de contacte\" novalidate=\"novalidate\" data-status=\"init\">\n<fieldset class=\"hidden-fields-container\"><input type=\"hidden\" name=\"_wpcf7\" value=\"1899\" \/><input type=\"hidden\" name=\"_wpcf7_version\" value=\"6.1.5\" \/><input type=\"hidden\" name=\"_wpcf7_locale\" value=\"ca\" \/><input type=\"hidden\" name=\"_wpcf7_unit_tag\" value=\"wpcf7-f1899-o1\" \/><input type=\"hidden\" name=\"_wpcf7_container_post\" value=\"0\" \/><input type=\"hidden\" name=\"_wpcf7_posted_data_hash\" value=\"\" \/><input type=\"hidden\" name=\"_wpcf7_recaptcha_response\" value=\"\" \/>\n<\/fieldset>\n<div class=\"trx_addons_columns_wrap\">\n<div class=\"trx_addons_column-1_2\"><label><span class=\"wpcf7-form-control-wrap\" data-name=\"yourname\"><input size=\"40\" maxlength=\"400\" class=\"wpcf7-form-control wpcf7-text wpcf7-validates-as-required\" aria-required=\"true\" aria-invalid=\"false\" placeholder=\"Nom\" value=\"\" type=\"text\" name=\"yourname\" \/><\/span><\/label><\/div>\n<div class=\"trx_addons_column-1_2\"><label><span class=\"wpcf7-form-control-wrap\" data-name=\"youremail\"><input size=\"40\" maxlength=\"400\" class=\"wpcf7-form-control wpcf7-email wpcf7-validates-as-required wpcf7-text wpcf7-validates-as-email\" aria-required=\"true\" aria-invalid=\"false\" placeholder=\"Email\" value=\"\" type=\"email\" name=\"youremail\" \/><\/span><\/label><\/div>\n<div class=\"trx_addons_column-1_2\"><label><span class=\"wpcf7-form-control-wrap\" data-name=\"telefon\"><input size=\"40\" maxlength=\"400\" class=\"wpcf7-form-control wpcf7-tel wpcf7-validates-as-required wpcf7-text wpcf7-validates-as-tel\" aria-required=\"true\" aria-invalid=\"false\" placeholder=\"Tel\u00e8fon\" value=\"\" type=\"tel\" name=\"telefon\" \/><\/span><\/label><\/div>\n<div class=\"trx_addons_column-1_1\"><label><span class=\"wpcf7-form-control-wrap\" data-name=\"yourmessage\"><textarea cols=\"40\" rows=\"10\" maxlength=\"2000\" class=\"wpcf7-form-control wpcf7-textarea wpcf7-validates-as-required\" aria-required=\"true\" aria-invalid=\"false\" placeholder=\"Missatge\" name=\"yourmessage\"><\/textarea><\/span><\/label><\/div>\n<div class=\"trx_addons_column-1_1\"><span class=\"wpcf7-form-control-wrap\" data-name=\"acceptance-401\"><span class=\"wpcf7-form-control wpcf7-acceptance\"><span class=\"wpcf7-list-item\"><label><input type=\"checkbox\" name=\"acceptance-401\" value=\"1\" aria-invalid=\"false\" \/><span class=\"wpcf7-list-item-label\">Accepto la <a target=\"_blank\" href=\"\/ca\/politica-de-privacitat\">pol\u00edtica de privadesa<\/a>.<\/span><\/label><\/span><\/span><\/span><\/div>\n<div class=\"trx_addons_column-1_1\" style=\"font-size:10px;\">El responsable de l'Tractament RESIDENCIA GERIATRICA VERDI, SL, en compliment de l'Reglament General de Protecci\u00f3 de Dades UE 2016\/679, de Parlament i Consell de Europa, i de la LOPD 3\/2018 de 5 de desembre de garantia dels drets digitals, l'informa que les seves dades personals seran tractades per a la gesti\u00f3 administrativa, comptable la prestaci\u00f3 de servei ofert i l'enviament d'informaci\u00f3 per RESIDENCIA GERIATRICA VERDI, SL , no se cediran a tercers, excepte per obligaci\u00f3 legal, i pot exercir els seus drets d'; acc\u00e9s, rectificaci\u00f3, supressi\u00f3, oposici\u00f3, portabilitat i limitaci\u00f3 en RESID\u00c8NCIA GERI\u00c0TRICA VERDI, S.L .: VERDI, 151-155, 08012, BARCELONA, BARCELONA, rgpd@residenciaverdi.com<\/div>\n<div class=\"trx_addons_column-1_1\"><input class=\"wpcf7-form-control wpcf7-submit has-spinner\" type=\"submit\" value=\"Enviar\" \/><\/div>\n\n<\/div><div class=\"wpcf7-response-output\" aria-hidden=\"true\"><\/div>\n<\/form>\n<\/div>\n[\/vc_column_inner][vc_column_inner width=&#8221;1\/6&#8243; icons_position=&#8221;left&#8221;][\/vc_column_inner][\/vc_row_inner][vc_empty_space height=&#8221;120px&#8221; alter_height=&#8221;none&#8221; hide_on_desktop=&#8221;&#8221; hide_on_notebook=&#8221;1&#8243; hide_on_tablet=&#8221;1&#8243; hide_on_mobile=&#8221;1&#8243;][vc_empty_space height=&#8221;56px&#8221; alter_height=&#8221;none&#8221; hide_on_desktop=&#8221;1&#8243; hide_on_notebook=&#8221;&#8221; hide_on_tablet=&#8221;&#8221; hide_on_mobile=&#8221;1&#8243;][vc_empty_space height=&#8221;37px&#8221; alter_height=&#8221;none&#8221; hide_on_desktop=&#8221;1&#8243; hide_on_notebook=&#8221;1&#8243; hide_on_tablet=&#8221;1&#8243; hide_on_mobile=&#8221;&#8221;][vc_empty_space height=&#8221;10px&#8221; alter_height=&#8221;none&#8221; hide_on_desktop=&#8221;1&#8243; hide_on_notebook=&#8221;1&#8243; hide_on_tablet=&#8221;&#8221; hide_on_mobile=&#8221;1&#8243;]<\/div><\/div><!-- \/.sc_content -->[\/vc_column][\/vc_row][vc_row][vc_column icons_position=&#8221;left&#8221;][vc_empty_space height=&#8221;100px&#8221; alter_height=&#8221;none&#8221; hide_on_desktop=&#8221;&#8221; hide_on_notebook=&#8221;&#8221; hide_on_tablet=&#8221;&#8221; hide_on_mobile=&#8221;&#8221;][\/vc_column][\/vc_row]<\/p>\n<\/div>","protected":false},"excerpt":{"rendered":"<p>[vc_row full_width=&#8221;stretch_row_content_no_spaces&#8221; scheme=&#8221;dark&#8221; hide_bg_image_on_tablet=&#8221;&#8221; hide_bg_image_on_mobile=&#8221;&#8221; css=&#8221;.vc_custom_1645085105547{margin-bottom: 50px !important;padding-top: 100px !important;padding-bottom: 100px !important;background-image: url(https:\/\/residenciaverdi.com\/wp-content\/uploads\/contacto-1-1.jpg?id=1618) !important;background-position: center !important;}&#8221;][vc_column icons_position=&#8221;left&#8221;][\/vc_column][\/vc_row][vc_row][vc_column icons_position=&#8221;left&#8221;][vc_empty_space height=&#8221;120px&#8221; alter_height=&#8221;none&#8221; hide_on_desktop=&#8221;&#8221; hide_on_notebook=&#8221;1&#8243; hide_on_tablet=&#8221;1&#8243; hide_on_mobile=&#8221;1&#8243;][vc_empty_space height=&#8221;80px&#8221; alter_height=&#8221;none&#8221; hide_on_desktop=&#8221;1&#8243; hide_on_notebook=&#8221;&#8221; hide_on_tablet=&#8221;&#8221; hide_on_mobile=&#8221;1&#8243;][vc_empty_space height=&#8221;50px&#8221; alter_height=&#8221;none&#8221; hide_on_desktop=&#8221;1&#8243; hide_on_notebook=&#8221;1&#8243; hide_on_tablet=&#8221;1&#8243; hide_on_mobile=&#8221;&#8221;][vc_empty_space height=&#8221;90px&#8221; alter_height=&#8221;none&#8221; hide_on_desktop=&#8221;&#8221; hide_on_notebook=&#8221;1&#8243;&hellip;<\/p>\n","protected":false},"author":1,"featured_media":0,"parent":0,"menu_order":0,"comment_status":"closed","ping_status":"closed","template":"","meta":{"_monsterinsights_skip_tracking":false,"_monsterinsights_sitenote_active":false,"_monsterinsights_sitenote_note":"","_monsterinsights_sitenote_category":0,"footnotes":""},"class_list":["post-1710","page","type-page","status-publish","hentry"],"yoast_head":"<!-- This site is optimized with the Yoast SEO plugin v27.5 - https:\/\/yoast.com\/product\/yoast-seo-wordpress\/ -->\n<title>Contacte - Residencia Geri\u00e1trica Verdi<\/title>\n<meta name=\"description\" content=\"Contacti amb nosaltres sense comprom\u00eds si desitja concertar una visita o sol\u00b7licitar m\u00e9s informaci\u00f3. Estarem encantats d&#039;atendre-li.\" \/>\n<meta name=\"robots\" content=\"index, follow, max-snippet:-1, max-image-preview:large, max-video-preview:-1\" \/>\n<link rel=\"canonical\" href=\"https:\/\/residenciaverdi.com\/ca\/contacte\/\" \/>\n<meta property=\"og:locale\" content=\"ca_ES\" \/>\n<meta property=\"og:type\" content=\"article\" \/>\n<meta property=\"og:title\" content=\"Contacte - Residencia Geri\u00e1trica Verdi\" \/>\n<meta property=\"og:description\" content=\"Contacti amb nosaltres sense comprom\u00eds si desitja concertar una visita o sol\u00b7licitar m\u00e9s informaci\u00f3. Estarem encantats d&#039;atendre-li.\" \/>\n<meta property=\"og:url\" content=\"https:\/\/residenciaverdi.com\/ca\/contacte\/\" \/>\n<meta property=\"og:site_name\" content=\"Residencia Geri\u00e1trica Verdi\" \/>\n<meta property=\"article:modified_time\" content=\"2022-02-17T08:05:06+00:00\" \/>\n<meta name=\"twitter:card\" content=\"summary_large_image\" \/>\n<script type=\"application\/ld+json\" class=\"yoast-schema-graph\">{\"@context\":\"https:\\\/\\\/schema.org\",\"@graph\":[{\"@type\":\"WebPage\",\"@id\":\"https:\\\/\\\/residenciaverdi.com\\\/ca\\\/contacte\\\/\",\"url\":\"https:\\\/\\\/residenciaverdi.com\\\/ca\\\/contacte\\\/\",\"name\":\"Contacte - Residencia Geri\u00e1trica Verdi\",\"isPartOf\":{\"@id\":\"https:\\\/\\\/tan-boar-952704.hostingersite.com\\\/#website\"},\"datePublished\":\"2021-08-05T11:24:34+00:00\",\"dateModified\":\"2022-02-17T08:05:06+00:00\",\"description\":\"Contacti amb nosaltres sense comprom\u00eds si desitja concertar una visita o sol\u00b7licitar m\u00e9s informaci\u00f3. Estarem encantats d'atendre-li.\",\"breadcrumb\":{\"@id\":\"https:\\\/\\\/residenciaverdi.com\\\/ca\\\/contacte\\\/#breadcrumb\"},\"inLanguage\":\"ca\",\"potentialAction\":[{\"@type\":\"ReadAction\",\"target\":[\"https:\\\/\\\/residenciaverdi.com\\\/ca\\\/contacte\\\/\"]}]},{\"@type\":\"BreadcrumbList\",\"@id\":\"https:\\\/\\\/residenciaverdi.com\\\/ca\\\/contacte\\\/#breadcrumb\",\"itemListElement\":[{\"@type\":\"ListItem\",\"position\":1,\"name\":\"Portada\",\"item\":\"https:\\\/\\\/residenciaverdi.com\\\/ca\\\/\"},{\"@type\":\"ListItem\",\"position\":2,\"name\":\"Contacte\"}]},{\"@type\":\"WebSite\",\"@id\":\"https:\\\/\\\/tan-boar-952704.hostingersite.com\\\/#website\",\"url\":\"https:\\\/\\\/tan-boar-952704.hostingersite.com\\\/\",\"name\":\"Residencia Geri\u00e1trica Verdi\",\"description\":\"Cuidamos de nuestros mayores\",\"publisher\":{\"@id\":\"https:\\\/\\\/tan-boar-952704.hostingersite.com\\\/#organization\"},\"potentialAction\":[{\"@type\":\"SearchAction\",\"target\":{\"@type\":\"EntryPoint\",\"urlTemplate\":\"https:\\\/\\\/tan-boar-952704.hostingersite.com\\\/?s={search_term_string}\"},\"query-input\":{\"@type\":\"PropertyValueSpecification\",\"valueRequired\":true,\"valueName\":\"search_term_string\"}}],\"inLanguage\":\"ca\"},{\"@type\":\"Organization\",\"@id\":\"https:\\\/\\\/tan-boar-952704.hostingersite.com\\\/#organization\",\"name\":\"Residencia geri\u00e1trica Verdi\",\"url\":\"https:\\\/\\\/tan-boar-952704.hostingersite.com\\\/\",\"logo\":{\"@type\":\"ImageObject\",\"inLanguage\":\"ca\",\"@id\":\"https:\\\/\\\/tan-boar-952704.hostingersite.com\\\/#\\\/schema\\\/logo\\\/image\\\/\",\"url\":\"https:\\\/\\\/residenciaverdi.com\\\/wp-content\\\/uploads\\\/logo-residencia-geriatrica-verdi-retina.jpg\",\"contentUrl\":\"https:\\\/\\\/residenciaverdi.com\\\/wp-content\\\/uploads\\\/logo-residencia-geriatrica-verdi-retina.jpg\",\"width\":406,\"height\":164,\"caption\":\"Residencia geri\u00e1trica Verdi\"},\"image\":{\"@id\":\"https:\\\/\\\/tan-boar-952704.hostingersite.com\\\/#\\\/schema\\\/logo\\\/image\\\/\"}}]}<\/script>\n<!-- \/ Yoast SEO plugin. -->","yoast_head_json":{"title":"Contacte - Residencia Geri\u00e1trica Verdi","description":"Contacti amb nosaltres sense comprom\u00eds si desitja concertar una visita o sol\u00b7licitar m\u00e9s informaci\u00f3. Estarem encantats d'atendre-li.","robots":{"index":"index","follow":"follow","max-snippet":"max-snippet:-1","max-image-preview":"max-image-preview:large","max-video-preview":"max-video-preview:-1"},"canonical":"https:\/\/residenciaverdi.com\/ca\/contacte\/","og_locale":"ca_ES","og_type":"article","og_title":"Contacte - Residencia Geri\u00e1trica Verdi","og_description":"Contacti amb nosaltres sense comprom\u00eds si desitja concertar una visita o sol\u00b7licitar m\u00e9s informaci\u00f3. Estarem encantats d'atendre-li.","og_url":"https:\/\/residenciaverdi.com\/ca\/contacte\/","og_site_name":"Residencia Geri\u00e1trica Verdi","article_modified_time":"2022-02-17T08:05:06+00:00","twitter_card":"summary_large_image","schema":{"@context":"https:\/\/schema.org","@graph":[{"@type":"WebPage","@id":"https:\/\/residenciaverdi.com\/ca\/contacte\/","url":"https:\/\/residenciaverdi.com\/ca\/contacte\/","name":"Contacte - Residencia Geri\u00e1trica Verdi","isPartOf":{"@id":"https:\/\/tan-boar-952704.hostingersite.com\/#website"},"datePublished":"2021-08-05T11:24:34+00:00","dateModified":"2022-02-17T08:05:06+00:00","description":"Contacti amb nosaltres sense comprom\u00eds si desitja concertar una visita o sol\u00b7licitar m\u00e9s informaci\u00f3. Estarem encantats d'atendre-li.","breadcrumb":{"@id":"https:\/\/residenciaverdi.com\/ca\/contacte\/#breadcrumb"},"inLanguage":"ca","potentialAction":[{"@type":"ReadAction","target":["https:\/\/residenciaverdi.com\/ca\/contacte\/"]}]},{"@type":"BreadcrumbList","@id":"https:\/\/residenciaverdi.com\/ca\/contacte\/#breadcrumb","itemListElement":[{"@type":"ListItem","position":1,"name":"Portada","item":"https:\/\/residenciaverdi.com\/ca\/"},{"@type":"ListItem","position":2,"name":"Contacte"}]},{"@type":"WebSite","@id":"https:\/\/tan-boar-952704.hostingersite.com\/#website","url":"https:\/\/tan-boar-952704.hostingersite.com\/","name":"Residencia Geri\u00e1trica Verdi","description":"Cuidamos de nuestros mayores","publisher":{"@id":"https:\/\/tan-boar-952704.hostingersite.com\/#organization"},"potentialAction":[{"@type":"SearchAction","target":{"@type":"EntryPoint","urlTemplate":"https:\/\/tan-boar-952704.hostingersite.com\/?s={search_term_string}"},"query-input":{"@type":"PropertyValueSpecification","valueRequired":true,"valueName":"search_term_string"}}],"inLanguage":"ca"},{"@type":"Organization","@id":"https:\/\/tan-boar-952704.hostingersite.com\/#organization","name":"Residencia geri\u00e1trica Verdi","url":"https:\/\/tan-boar-952704.hostingersite.com\/","logo":{"@type":"ImageObject","inLanguage":"ca","@id":"https:\/\/tan-boar-952704.hostingersite.com\/#\/schema\/logo\/image\/","url":"https:\/\/residenciaverdi.com\/wp-content\/uploads\/logo-residencia-geriatrica-verdi-retina.jpg","contentUrl":"https:\/\/residenciaverdi.com\/wp-content\/uploads\/logo-residencia-geriatrica-verdi-retina.jpg","width":406,"height":164,"caption":"Residencia geri\u00e1trica Verdi"},"image":{"@id":"https:\/\/tan-boar-952704.hostingersite.com\/#\/schema\/logo\/image\/"}}]}},"_links":{"self":[{"href":"https:\/\/residenciaverdi.com\/ca\/wp-json\/wp\/v2\/pages\/1710","targetHints":{"allow":["GET"]}}],"collection":[{"href":"https:\/\/residenciaverdi.com\/ca\/wp-json\/wp\/v2\/pages"}],"about":[{"href":"https:\/\/residenciaverdi.com\/ca\/wp-json\/wp\/v2\/types\/page"}],"author":[{"embeddable":true,"href":"https:\/\/residenciaverdi.com\/ca\/wp-json\/wp\/v2\/users\/1"}],"replies":[{"embeddable":true,"href":"https:\/\/residenciaverdi.com\/ca\/wp-json\/wp\/v2\/comments?post=1710"}],"version-history":[{"count":9,"href":"https:\/\/residenciaverdi.com\/ca\/wp-json\/wp\/v2\/pages\/1710\/revisions"}],"predecessor-version":[{"id":2053,"href":"https:\/\/residenciaverdi.com\/ca\/wp-json\/wp\/v2\/pages\/1710\/revisions\/2053"}],"wp:attachment":[{"href":"https:\/\/residenciaverdi.com\/ca\/wp-json\/wp\/v2\/media?parent=1710"}],"curies":[{"name":"wp","href":"https:\/\/api.w.org\/{rel}","templated":true}]}}