{"id":1857,"date":"2021-08-11T12:35:13","date_gmt":"2021-08-11T12:35:13","guid":{"rendered":"https:\/\/residenciaverdi.com\/?page_id=1857"},"modified":"2021-08-11T12:38:39","modified_gmt":"2021-08-11T12:38:39","slug":"politica-de-cookies","status":"publish","type":"page","link":"https:\/\/residenciaverdi.com\/ca\/politica-de-cookies\/","title":{"rendered":"Pol\u00edtica de cookies"},"content":{"rendered":"<div class=\"wpb-content-wrapper\"><p>[vc_row][vc_column icons_position=&#8221;left&#8221;]<div id=\"sc_title_1583355957\"\r\n\t\tclass=\"sc_title color_style_default sc_title_default\"><h3 class=\"sc_item_title sc_title_title sc_align_left sc_item_title_style_default\">Pol\u00edtica de cookies<\/h3><\/div><!-- \/.sc_title -->[vc_empty_space height=&#8221;50px&#8221; alter_height=&#8221;none&#8221; hide_on_desktop=&#8221;&#8221; hide_on_notebook=&#8221;&#8221; hide_on_tablet=&#8221;&#8221; hide_on_mobile=&#8221;&#8221;][vc_column_text]<strong>ANTECEDENTS<\/strong><br \/>\nConforme la normativa espanyola que regula l&#8217;\u00fas de cookies en relaci\u00f3 a la prestaci\u00f3 de serveis de comunicacions electr\u00f2niques, recollida en el Reial Decret Llei 13\/2012 del 30 de mar\u00e7, l&#8217;informem sobre les cookies utilitzades en el lloc web de Residencia Verdi (tamb\u00e9 el prestador) i el motiu del seu \u00fas. Aix\u00ed mateix, li informa que en navegar en el Lloc Web vost\u00e8 est\u00e0 prestant el seu consentiment per poder utilitzar-les.<\/p>\n<p><strong>\u00bfQU\u00c8 SON LES COOKIES?<\/strong><br \/>\nUna cookie \u00e9s un fitxer que es descarrega al seu ordinador en accedir a determinades p\u00e0gines web. Les cookies permeten a una p\u00e0gina web, entre altres coses, emmagatzemar i recuperar informaci\u00f3 sobre els h\u00e0bits de navegaci\u00f3 d&#8217;un usuari o del seu equip i, depenent de la informaci\u00f3 que continguin i de la forma en qu\u00e8 utilitzi el seu equip, es poden utilitzar per recon\u00e8ixer a l&#8217;usuari. Les cookies s&#8217;associen \u00fanicament a un usuari an\u00f2nim i el seu ordinador o dispositiu i no proporcionen refer\u00e8ncies que permetin con\u00e8ixer les seves dades personals.<\/p>\n<p><strong>COOKIES AFECTADES PER LA NORMATIVA I COOKIES EXEMPTES<\/strong><br \/>\nSegons la directiva de la UE, les cookies que requereixen el consentiment informat per part de l&#8217;usuari s\u00f3n les cookies d&#8217;anal\u00edtica i les de publicitat i afiliaci\u00f3, quedant exceptuades les de car\u00e0cter t\u00e8cnic i les necess\u00e0ries per al funcionament del lloc web o la prestaci\u00f3 de serveis expressament demandats per l&#8217;usuari.<\/p>\n<p><strong>TIPUS DE COOKIES<\/strong><br \/>\na) Segons l&#8217;entitat que les gestioni, hi ha Cookies pr\u00f2pies (aquelles que s&#8217;envien a l&#8217;equip terminal de l&#8217;usuari des d&#8217;un equip o domini gestionat pel propi editor i des del qual es presta el servei Sol\u00b7licitat per l&#8217;usuari) i de tercers (les que es envien a l&#8217;equip terminal de l&#8217;usuari des d&#8217;un equip o domini que no \u00e9s gestionat per l&#8217;editor, sin\u00f3 per una altra entitat que tracta les dades obtingudes mitjan\u00e7ant les galetes).<\/p>\n<p>b) Segons el temps que romanen actives, hi ha les de sessi\u00f3 (dissenyades per a demanar i emmagatzemar dades mentre l&#8217;usuari accedeix a una p\u00e0gina web) i les persistents (en qu\u00e8 les dades s&#8217;emmagatzemen en el terminal i poden ser accedits i tractats durant un per\u00edode definit pel responsable de la galeta -pot anar d&#8217;uns minuts a diversos anys).<\/p>\n<p>c) Segons la finalitat per a la qual tracten la informaci\u00f3 que recopilen, poden ser:<br \/>\n&#8211; Cookies t\u00e8cniques (necess\u00e0ries per a l&#8217;\u00fas del web i la prestaci\u00f3 del servei contractat),<br \/>\n&#8211; Cookies de personalitzaci\u00f3 (que permeten a l&#8217;usuari accedir al servei amb caracter\u00edstiques predefinides, com ara l&#8217;idioma, tipus de navegador, configuraci\u00f3 regional, etc.)<br \/>\n&#8211; Cookies d&#8217;an\u00e0lisi (recullen informaci\u00f3 l&#8217;\u00fas que es realitza del web),<br \/>\n&#8211; Cookies publicit\u00e0ries (recullen informaci\u00f3 sobre les prefer\u00e8ncies i eleccions personals dels usuaris),<br \/>\n&#8211; Cookies d&#8217;afiliats (permeten fer un seguiment de les visites procedents d&#8217;altres webs, amb les que el lloc web estableix un contracte d&#8217;afiliaci\u00f3).<\/p>\n<p><strong>GALETES EXEMPTES:<\/strong><\/p>\n<p>\u2022 Les que permeten \u00fanicament la comunicaci\u00f3 entre l\u2019equip de l\u2019usuari i la xarxa.<br \/>\n\u2022 Les estrictament necess\u00e0ries per a prestar un servei expressament sol\u00b7licitat per l\u2019usuari.<\/p>\n<p>Aix\u00ed mateix, el GT29, en el seu Dictamen 4\/201210, ha interpretat que entre les galetes exceptuades estarien aquelles que tenen per finalitat:<\/p>\n<p>\u2022 Galetes \u201cd\u2019entrada de l\u2019usuari\u201d (les galetes de sessi\u00f3 i d\u2019entrada d\u2019usuari es solen utilitzar per a rastrejar les accions de l\u2018usuari a l\u2019omplir els formularis en l\u00ednia en v\u00e0ries p\u00e0gines o com a cistella de la compra per a fer el seguiment dels articles que l\u2019usuari ha seleccionat al clicar un bot\u00f3).<br \/>\n\u2022 Galetes d\u2019autenticaci\u00f3 o identificaci\u00f3 d\u2019usuari (\u00fanicament de sessi\u00f3).<br \/>\n\u2022 Galetes de seguretat de l\u2019usuari (per exemple, les galetes utilitzades per a detectar intents erronis i reiterats de connexi\u00f3 a un lloc web).<br \/>\n\u2022 Galetes de sessi\u00f3 de reproductor multim\u00e8dia.<br \/>\n\u2022 Galetes de sessi\u00f3 per equilibrar la c\u00e0rrega.<br \/>\n\u2022 Galetes de personalitzaci\u00f3 de la interf\u00edcie d\u2019usuari.<br \/>\n\u2022 Determinades galetes de complement (plug-in) per intercanviar continguts socials (l\u2019excepci\u00f3 nom\u00e9s s\u2019aplica per a usuaris que han decidit mantenir la sessi\u00f3 oberta).<\/p>\n<p><strong>TIPO DE COOKIES UTILITZADES PER AQUEST LLOC WEB<\/strong><\/p>\n<table border=\"1\">\n<tbody>\n<tr>\n<td><strong>Nom<\/strong><\/td>\n<td><strong>Finalitat<\/strong><\/td>\n<td><strong>Caducitat<\/strong><\/td>\n<td><strong>Tipus<\/strong><\/td>\n<\/tr>\n<tr>\n<td>WordPress_sec_<\/td>\n<td>S&#8217;utilitza com a clau per a controlar l&#8217;acc\u00e9s d&#8217;un usuari al servei de WordPress<\/td>\n<td>Sessi\u00f3<\/td>\n<td>Necess\u00e0ria<\/td>\n<\/tr>\n<tr>\n<td>Cookie_notice_accepted<\/td>\n<td>Aquesta cookie enmagatzema la opci\u00f3 d&#8217;acceptar les cookies de l&#8217;usuari<\/td>\n<td>1 mes<\/td>\n<td>Necess\u00e0ria<\/td>\n<\/tr>\n<tr>\n<td>WordPress_test_cookie<\/td>\n<td>Cookie per a que WordPress comprovi si el navegador t\u00e9 les cookies activades<\/td>\n<td>Sessi\u00f3<\/td>\n<td>Necess\u00e0ria<\/td>\n<\/tr>\n<tr>\n<td>Wp-wpml_current_language<\/td>\n<td>Cookie per determinar l&#8217;idioma actual de la plana<\/td>\n<td>1 mes<\/td>\n<td>Necess\u00e0ria<\/td>\n<\/tr>\n<tr>\n<td>Wp-settings-time-1<\/td>\n<td>Aquestes cookies es fan servir per WordPress per personalizar l&#8217;Interface d&#8217;Usuari<\/td>\n<td>1 mes<\/td>\n<td>Necess\u00e0ria<\/td>\n<\/tr>\n<tr>\n<td>PHPSESSID<\/td>\n<td>Aquesta cookie es nativa de PHP y permet a la web guardar dades serialitzades d&#8217;estat<\/td>\n<td>Sessi\u00f3<\/td>\n<td>Necess\u00e0ria<\/td>\n<\/tr>\n<\/tbody>\n<\/table>\n<p><strong>REVOCACI\u00d3<\/strong><br \/>\nEn tot moment podr\u00e0 accedir a la configuraci\u00f3 del seu navegador acceptant o rebutjant totes les cookies, o b\u00e9 seleccionar aquelles que la instal\u00b7laci\u00f3 admet i les que no, seguint un dels seg\u00fcents procediments, que dep\u00e8n del navegador que utilitzi:<\/p>\n<p>Google Chrome (al Men\u00fa Eines):<br \/>\nConfiguraci\u00f3 &gt; Mostrar opcions avan\u00e7ades &gt; Privadesa (Configuraci\u00f3 de contingut) &gt; Cookies:<br \/>\nhttps:\/\/support.google.com\/chrome\/answer\/95647?co=GENIE.Platform%3DDesktop&#038;hl=es<\/p>\n<p>Microsoft Internet Explorer (al Men\u00fa Eines):<br \/>\nOpcions d\u2019Internet &gt; Privadesa &gt; Avan\u00e7ada:<br \/>\nhttps:\/\/support.microsoft.com\/es-es\/help\/17442\/windows-internet-explorer-delete-manage-cookies<\/p>\n<p>Firefox:<br \/>\nOpcions &gt; Privadesa &gt; Cookies:<br \/>\nhttps:\/\/support.mozilla.org\/es\/kb\/habilitar-y-deshabilitar-cookies-sitios-web-rastrear-preferencias<\/p>\n<p>Safari, iPad i iPhone:<br \/>\nPrefer\u00e8ncies &gt; Privadesa<br \/>\nhttps:\/\/support.apple.com\/kb\/ph21411?locale=es_ES<\/p>\n<p>Opera:<br \/>\nConfiguraci\u00f3 &gt; Opcions &gt; Avan\u00e7ada &gt; Cookies<br \/>\nhttp:\/\/help.opera.com\/Windows\/12.00\/es-ES\/cookies.html<\/p>\n<p>Aquests navegadors estan sotmesos a actualitzacions o modificacions, pel que no podem garantir que s&#8217;ajustin completament a la versi\u00f3 del seu navegador. Tamb\u00e9 pot ser que utilitzi un altre navegador no contemplat en aquests enlla\u00e7os com ara Konqueror, Arora, Flock, etc. Per evitar aquests desajustos, pot accedir directament des de les opcions del seu navegador, generalment al men\u00fa de &#8220;Opcions&#8221; a la secci\u00f3 de &#8220;Privadesa&#8221;. (Si us plau, consulteu l&#8217;ajuda del seu navegador per a m\u00e9s informaci\u00f3).<\/p>\n<p><strong>DESACTIVACI\u00d3\/ACTIVACI\u00d3 I ELIMINACI\u00d3 DE COOKIES<\/strong><\/p>\n<p>Per restringir o bloquejar les cookies, es fa a trav\u00e9s de la configuraci\u00f3 del navegador.<\/p>\n<p>Si no desitja que els llocs web posin cap cookie al seu equip, pot adaptar la configuraci\u00f3 del navegador de manera que se li notifiqui abans que es col\u00b7loqui cap cookie. De la mateixa manera, pot adaptar la configuraci\u00f3 de manera que el navegador rebutgi totes les cookies, o \u00fanicament les cookies de tercers. Tamb\u00e9 pot eliminar qualsevol de les cookies que ja es trobin en l&#8217;equip. Recordeu que s&#8217;haur\u00e0 d&#8217;adaptar per separat la configuraci\u00f3 de cada navegador i equip que utilitzi.<br \/>\nRecordeu que si no desitja rebre cookies, ja no podrem garantir que el nostre lloc web funcioni com cal. Potser algunes funcions del lloc es perdin i \u00e9s possible que ja no pugui veure certs llocs web. A m\u00e9s, rebutjar les cookies no vol dir que ja no vagi a veure anuncis publicitaris. Simplement els anuncis no s&#8217;ajustaran als seus interessos i es repetiran amb m\u00e9s freq\u00fc\u00e8ncia.<\/p>\n<p>Cada navegador t\u00e9 un m\u00e8tode diferent per adaptar la configuraci\u00f3. Si cal, consulteu la funci\u00f3 d&#8217;ajuda del navegador per establir la configuraci\u00f3 correcta.<\/p>\n<p>Per desactivar les cookies al tel\u00e8fon m\u00f2bil, consulteu el manual del dispositiu per obtenir m\u00e9s informaci\u00f3.<\/p>\n<p>Podeu obtenir m\u00e9s informaci\u00f3 sobre les cookies a Internet,<a href=\"http:\/\/www.aboutcookies.org\/.\" target=\"_blank\" rel=\"noopener noreferrer\"> http:\/\/www.aboutcookies.org\/.<\/a><\/p>\n<p>Tenint en compte la forma en qu\u00e8 funciona Internet i els llocs web, no sempre comptem amb informaci\u00f3 de les cookies que col\u00b7loquen terceres parts a trav\u00e9s del nostre lloc web. Aix\u00f2 s&#8217;aplica especialment a casos en qu\u00e8 la nostra p\u00e0gina web cont\u00e9 el que es denominen elements integrats: textos, documents, imatges o breus pel\u00b7l\u00edcules que s&#8217;emmagatzemen en una altra part, per\u00f2 es mostren al nostre lloc web o mitjan\u00e7ant el mateix.<\/p>\n<p>Per tant, en cas que es trobi amb aquest tipus de cookies en aquest lloc web i no estiguin enumerades en la llista anterior, li preguem que ens ho comuniqui. O b\u00e9 poseu-vos en contacte directament amb el tercer per demanar-li informaci\u00f3 sobre les cookies que col\u00b7loca, la finalitat i la durada de la cookie, i com ha garantit la seva privacitat.<\/p>\n<p><strong>INFORMACI\u00d3 RELACIONADA AMB EL TRACTAMENT DE DADES PERSONALS (ART. 13 RGPD)<\/strong><\/p>\n<p>Qui \u00e9s el responsable del tractament de les seves dades personals?<\/p>\n<p>Residencia Verdi \u00e9s el responsable del tractament de les dades personals que vost\u00e8 ens proporciona, situat en Passeig de Gr\u00e0cia 19, 08007, Barcelona i amb CIF V60035375, Tel\u00e8fon 93 328 3072 i mail de contacte assbcfe@gmail.com.<\/p>\n<p>Per a qu\u00e8 utilitzem les seves dades personals?<\/p>\n<p>La informaci\u00f3 recopilada a trav\u00e9s de les cookies pr\u00f2pies (cookies de sessi\u00f3 i d&#8217;entrada d&#8217;usuari) es solen utilitzar per a rastrejar les accions de l&#8217;usuari en emplenar els formularis en l\u00ednia en diverses p\u00e0gines, o com a cistella de la compra per a fer el seguiment dels articles que l&#8217;usuari ha seleccionat en pr\u00e9mer un bot\u00f3, o per a personalitzar la interface de l&#8217;usuari al visitar la p\u00e0gina web.<\/p>\n<p>La informaci\u00f3 recopilada a trav\u00e9s de les cookies de tercers \u00e9s la seg\u00fcent:<br \/>\nA trav\u00e9s de les cookies anal\u00edtiques s&#8217;analitzen els seus h\u00e0bits de navegaci\u00f3 per a millorar els serveis prestats;<br \/>\nA trav\u00e9s de les cookies de comportament es recull informaci\u00f3 sobre les prefer\u00e8ncies de l&#8217;usuari per a gestionar els espais publicitaris de la forma m\u00e9s efica\u00e7 possible; i<br \/>\nA trav\u00e9s de les cookies publicit\u00e0ries es mesura el rendiment dels anuncis i es proporcionen recomanacions relatives a productes basades en dades estad\u00edstiques.<\/p>\n<p>Per a veure exactament l&#8217;\u00fas de les cookies vegeu el quadre sobre l&#8217;\u00fas de les cookies en el present document.<\/p>\n<p>Quina \u00e9s la base legal per al tractament de les seves dades personals?<\/p>\n<p>La legitimaci\u00f3 per al tractament de les seves dades personals ve donada pel seu consentiment, atorgat en el moment de posar-se en contacte amb nosaltres, per a la utilitzaci\u00f3 de cookies anal\u00edtiques, de comportament i publicit\u00e0ries; per a les cookies de sessi\u00f3 o personalitzaci\u00f3, la legitimaci\u00f3 per al tractament ve donada per l&#8217;inter\u00e8s leg\u00edtim del prestador (responsable del tractament).<\/p>\n<p>A qui comuniquem les seves dades?<\/p>\n<p>No se cediran ni comunicaran dades a tercers, excepte per obligaci\u00f3 legal o als tercers indicats en el cas d&#8217;\u00fas de cookies gestionades per aquests.<\/p>\n<p>Quin \u00e9s el termini de conservaci\u00f3 de les seves dades?<\/p>\n<p>El termini de conservaci\u00f3 de les dades recollides \u00e9s l&#8217;indicat en el quadre sobre l&#8217;\u00fas de les cookies en el present document.<\/p>\n<p>Quins s\u00f3n els seus drets?<\/p>\n<p>Els drets que emparen a l&#8217;usuari s\u00f3n els d&#8217;acc\u00e9s, rectificaci\u00f3, supressi\u00f3, portabilitat d&#8217;aquests, retirada del consentiment (sense que aix\u00f2 afecti la licitud del tractament atorgat pr\u00e8viament a la seva retirada), oposici\u00f3 al tractament, limitaci\u00f3 (en determinades circumst\u00e0ncies) i a presentar una reclamaci\u00f3 davant l&#8217;autoritat de control (l&#8217;Ag\u00e8ncia Espanyola de protecci\u00f3 de dades, www.aepd.es).[\/vc_column_text][\/vc_column][\/vc_row]<\/p>\n<\/div>","protected":false},"excerpt":{"rendered":"<p>[vc_row][vc_column icons_position=&#8221;left&#8221;][vc_empty_space height=&#8221;50px&#8221; alter_height=&#8221;none&#8221; hide_on_desktop=&#8221;&#8221; hide_on_notebook=&#8221;&#8221; hide_on_tablet=&#8221;&#8221; hide_on_mobile=&#8221;&#8221;][vc_column_text]ANTECEDENTS Conforme la normativa espanyola que regula l&#8217;\u00fas de cookies en relaci\u00f3 a la prestaci\u00f3 de serveis de comunicacions electr\u00f2niques, recollida en el Reial Decret Llei 13\/2012 del 30 de mar\u00e7, l&#8217;informem sobre&hellip;<\/p>\n","protected":false},"author":1,"featured_media":0,"parent":0,"menu_order":0,"comment_status":"closed","ping_status":"closed","template":"","meta":{"_monsterinsights_skip_tracking":false,"_monsterinsights_sitenote_active":false,"_monsterinsights_sitenote_note":"","_monsterinsights_sitenote_category":0,"footnotes":""},"class_list":["post-1857","page","type-page","status-publish","hentry"],"yoast_head":"<!-- This site is optimized with the Yoast SEO plugin v27.5 - https:\/\/yoast.com\/product\/yoast-seo-wordpress\/ -->\n<title>Pol\u00edtica de cookies - Residencia Geri\u00e1trica Verdi<\/title>\n<meta name=\"robots\" content=\"noindex, nofollow\" \/>\n<meta property=\"og:locale\" content=\"ca_ES\" \/>\n<meta property=\"og:type\" content=\"article\" \/>\n<meta property=\"og:title\" content=\"Pol\u00edtica de cookies - Residencia Geri\u00e1trica Verdi\" \/>\n<meta property=\"og:description\" content=\"[vc_row][vc_column icons_position=&#8221;left&#8221;][vc_empty_space height=&#8221;50px&#8221; alter_height=&#8221;none&#8221; hide_on_desktop=&#8221;&#8221; hide_on_notebook=&#8221;&#8221; hide_on_tablet=&#8221;&#8221; hide_on_mobile=&#8221;&#8221;][vc_column_text]ANTECEDENTS Conforme la normativa espanyola que regula l&#8217;\u00fas de cookies en relaci\u00f3 a la prestaci\u00f3 de serveis de comunicacions electr\u00f2niques, recollida en el Reial Decret Llei 13\/2012 del 30 de mar\u00e7, l&#8217;informem sobre&hellip;\" \/>\n<meta property=\"og:url\" content=\"https:\/\/residenciaverdi.com\/ca\/politica-de-cookies\/\" \/>\n<meta property=\"og:site_name\" content=\"Residencia Geri\u00e1trica Verdi\" \/>\n<meta property=\"article:modified_time\" content=\"2021-08-11T12:38:39+00:00\" \/>\n<meta name=\"twitter:card\" content=\"summary_large_image\" \/>\n<script type=\"application\/ld+json\" class=\"yoast-schema-graph\">{\"@context\":\"https:\\\/\\\/schema.org\",\"@graph\":[{\"@type\":\"WebPage\",\"@id\":\"https:\\\/\\\/residenciaverdi.com\\\/ca\\\/politica-de-cookies\\\/\",\"url\":\"https:\\\/\\\/residenciaverdi.com\\\/ca\\\/politica-de-cookies\\\/\",\"name\":\"Pol\u00edtica de cookies - Residencia Geri\u00e1trica Verdi\",\"isPartOf\":{\"@id\":\"https:\\\/\\\/tan-boar-952704.hostingersite.com\\\/#website\"},\"datePublished\":\"2021-08-11T12:35:13+00:00\",\"dateModified\":\"2021-08-11T12:38:39+00:00\",\"breadcrumb\":{\"@id\":\"https:\\\/\\\/residenciaverdi.com\\\/ca\\\/politica-de-cookies\\\/#breadcrumb\"},\"inLanguage\":\"ca\",\"potentialAction\":[{\"@type\":\"ReadAction\",\"target\":[\"https:\\\/\\\/residenciaverdi.com\\\/ca\\\/politica-de-cookies\\\/\"]}]},{\"@type\":\"BreadcrumbList\",\"@id\":\"https:\\\/\\\/residenciaverdi.com\\\/ca\\\/politica-de-cookies\\\/#breadcrumb\",\"itemListElement\":[{\"@type\":\"ListItem\",\"position\":1,\"name\":\"Portada\",\"item\":\"https:\\\/\\\/residenciaverdi.com\\\/ca\\\/\"},{\"@type\":\"ListItem\",\"position\":2,\"name\":\"Pol\u00edtica de cookies\"}]},{\"@type\":\"WebSite\",\"@id\":\"https:\\\/\\\/tan-boar-952704.hostingersite.com\\\/#website\",\"url\":\"https:\\\/\\\/tan-boar-952704.hostingersite.com\\\/\",\"name\":\"Residencia Geri\u00e1trica Verdi\",\"description\":\"Cuidamos de nuestros mayores\",\"publisher\":{\"@id\":\"https:\\\/\\\/tan-boar-952704.hostingersite.com\\\/#organization\"},\"potentialAction\":[{\"@type\":\"SearchAction\",\"target\":{\"@type\":\"EntryPoint\",\"urlTemplate\":\"https:\\\/\\\/tan-boar-952704.hostingersite.com\\\/?s={search_term_string}\"},\"query-input\":{\"@type\":\"PropertyValueSpecification\",\"valueRequired\":true,\"valueName\":\"search_term_string\"}}],\"inLanguage\":\"ca\"},{\"@type\":\"Organization\",\"@id\":\"https:\\\/\\\/tan-boar-952704.hostingersite.com\\\/#organization\",\"name\":\"Residencia geri\u00e1trica Verdi\",\"url\":\"https:\\\/\\\/tan-boar-952704.hostingersite.com\\\/\",\"logo\":{\"@type\":\"ImageObject\",\"inLanguage\":\"ca\",\"@id\":\"https:\\\/\\\/tan-boar-952704.hostingersite.com\\\/#\\\/schema\\\/logo\\\/image\\\/\",\"url\":\"https:\\\/\\\/residenciaverdi.com\\\/wp-content\\\/uploads\\\/logo-residencia-geriatrica-verdi-retina.jpg\",\"contentUrl\":\"https:\\\/\\\/residenciaverdi.com\\\/wp-content\\\/uploads\\\/logo-residencia-geriatrica-verdi-retina.jpg\",\"width\":406,\"height\":164,\"caption\":\"Residencia geri\u00e1trica Verdi\"},\"image\":{\"@id\":\"https:\\\/\\\/tan-boar-952704.hostingersite.com\\\/#\\\/schema\\\/logo\\\/image\\\/\"}}]}<\/script>\n<!-- \/ Yoast SEO plugin. -->","yoast_head_json":{"title":"Pol\u00edtica de cookies - Residencia Geri\u00e1trica Verdi","robots":{"index":"noindex","follow":"nofollow"},"og_locale":"ca_ES","og_type":"article","og_title":"Pol\u00edtica de cookies - Residencia Geri\u00e1trica Verdi","og_description":"[vc_row][vc_column icons_position=&#8221;left&#8221;][vc_empty_space height=&#8221;50px&#8221; alter_height=&#8221;none&#8221; hide_on_desktop=&#8221;&#8221; hide_on_notebook=&#8221;&#8221; hide_on_tablet=&#8221;&#8221; hide_on_mobile=&#8221;&#8221;][vc_column_text]ANTECEDENTS Conforme la normativa espanyola que regula l&#8217;\u00fas de cookies en relaci\u00f3 a la prestaci\u00f3 de serveis de comunicacions electr\u00f2niques, recollida en el Reial Decret Llei 13\/2012 del 30 de mar\u00e7, l&#8217;informem sobre&hellip;","og_url":"https:\/\/residenciaverdi.com\/ca\/politica-de-cookies\/","og_site_name":"Residencia Geri\u00e1trica Verdi","article_modified_time":"2021-08-11T12:38:39+00:00","twitter_card":"summary_large_image","schema":{"@context":"https:\/\/schema.org","@graph":[{"@type":"WebPage","@id":"https:\/\/residenciaverdi.com\/ca\/politica-de-cookies\/","url":"https:\/\/residenciaverdi.com\/ca\/politica-de-cookies\/","name":"Pol\u00edtica de cookies - Residencia Geri\u00e1trica Verdi","isPartOf":{"@id":"https:\/\/tan-boar-952704.hostingersite.com\/#website"},"datePublished":"2021-08-11T12:35:13+00:00","dateModified":"2021-08-11T12:38:39+00:00","breadcrumb":{"@id":"https:\/\/residenciaverdi.com\/ca\/politica-de-cookies\/#breadcrumb"},"inLanguage":"ca","potentialAction":[{"@type":"ReadAction","target":["https:\/\/residenciaverdi.com\/ca\/politica-de-cookies\/"]}]},{"@type":"BreadcrumbList","@id":"https:\/\/residenciaverdi.com\/ca\/politica-de-cookies\/#breadcrumb","itemListElement":[{"@type":"ListItem","position":1,"name":"Portada","item":"https:\/\/residenciaverdi.com\/ca\/"},{"@type":"ListItem","position":2,"name":"Pol\u00edtica de cookies"}]},{"@type":"WebSite","@id":"https:\/\/tan-boar-952704.hostingersite.com\/#website","url":"https:\/\/tan-boar-952704.hostingersite.com\/","name":"Residencia Geri\u00e1trica Verdi","description":"Cuidamos de nuestros mayores","publisher":{"@id":"https:\/\/tan-boar-952704.hostingersite.com\/#organization"},"potentialAction":[{"@type":"SearchAction","target":{"@type":"EntryPoint","urlTemplate":"https:\/\/tan-boar-952704.hostingersite.com\/?s={search_term_string}"},"query-input":{"@type":"PropertyValueSpecification","valueRequired":true,"valueName":"search_term_string"}}],"inLanguage":"ca"},{"@type":"Organization","@id":"https:\/\/tan-boar-952704.hostingersite.com\/#organization","name":"Residencia geri\u00e1trica Verdi","url":"https:\/\/tan-boar-952704.hostingersite.com\/","logo":{"@type":"ImageObject","inLanguage":"ca","@id":"https:\/\/tan-boar-952704.hostingersite.com\/#\/schema\/logo\/image\/","url":"https:\/\/residenciaverdi.com\/wp-content\/uploads\/logo-residencia-geriatrica-verdi-retina.jpg","contentUrl":"https:\/\/residenciaverdi.com\/wp-content\/uploads\/logo-residencia-geriatrica-verdi-retina.jpg","width":406,"height":164,"caption":"Residencia geri\u00e1trica Verdi"},"image":{"@id":"https:\/\/tan-boar-952704.hostingersite.com\/#\/schema\/logo\/image\/"}}]}},"_links":{"self":[{"href":"https:\/\/residenciaverdi.com\/ca\/wp-json\/wp\/v2\/pages\/1857","targetHints":{"allow":["GET"]}}],"collection":[{"href":"https:\/\/residenciaverdi.com\/ca\/wp-json\/wp\/v2\/pages"}],"about":[{"href":"https:\/\/residenciaverdi.com\/ca\/wp-json\/wp\/v2\/types\/page"}],"author":[{"embeddable":true,"href":"https:\/\/residenciaverdi.com\/ca\/wp-json\/wp\/v2\/users\/1"}],"replies":[{"embeddable":true,"href":"https:\/\/residenciaverdi.com\/ca\/wp-json\/wp\/v2\/comments?post=1857"}],"version-history":[{"count":5,"href":"https:\/\/residenciaverdi.com\/ca\/wp-json\/wp\/v2\/pages\/1857\/revisions"}],"predecessor-version":[{"id":1867,"href":"https:\/\/residenciaverdi.com\/ca\/wp-json\/wp\/v2\/pages\/1857\/revisions\/1867"}],"wp:attachment":[{"href":"https:\/\/residenciaverdi.com\/ca\/wp-json\/wp\/v2\/media?parent=1857"}],"curies":[{"name":"wp","href":"https:\/\/api.w.org\/{rel}","templated":true}]}}